{"id":29339,"date":"2020-05-14T15:50:26","date_gmt":"2020-05-14T15:50:26","guid":{"rendered":"https:\/\/enipau.ro\/produs\/uncategorized\/holzzaunelement-3\/"},"modified":"2020-05-14T15:50:26","modified_gmt":"2020-05-14T15:50:26","slug":"holzzaunelement-3","status":"publish","type":"product","link":"https:\/\/enipau.ro\/ch\/produkt\/holzzaunelemente\/holzzaunelement-3\/","title":{"rendered":"Holzzaunelement 3"},"content":{"rendered":"<p>Z\u00e4une aus Holz sind nach wie vor das am h\u00e4ufigsten verwendete Element, wenn Sie Ihr Grundst\u00fcck einz\u00e4unen m\u00f6chten. Sie sind elegant, praktisch und einfach zu bauen. Enipau bietet Ihnen ein <a href=\"https:\/\/enipau.ro\/produse\/panouri-gard-lemn\/\">unabh\u00e4ngiges Portfolio von<\/a> 6 Zauntypen, fertigt und installiert aber auf Wunsch auch das, was zu Ihrem Projekt passt.  <\/p>\n<p>Pfostensockel und Dekorplatten variieren je nach Gr\u00f6\u00dfe und Menge des ben\u00f6tigten Holzes. Wenden Sie sich an einen Enipau-Spezialisten, der Ihnen helfen wird, die beste L\u00f6sung zu finden.<\/p>\n","protected":false},"excerpt":{"rendered":"<p>Holzz\u00e4une werden nach Ihren Bed\u00fcrfnissen ausgew\u00e4hlt. Egal, ob Sie Privatsph\u00e4re, ein ansprechendes Design oder Sicherheit w\u00fcnschen, es gibt L\u00f6sungen, die alle Ihre Anforderungen erf\u00fcllen k\u00f6nnen. <a href=\"https:\/\/enipau.ro\/contact\/\">Besprechen Sie Ihr Projekt mit einem Enipau-Berater<\/a>!<\/p>\n","protected":false},"featured_media":29340,"comment_status":"closed","ping_status":"closed","template":"","meta":{"_acf_changed":false},"product_brand":[],"product_cat":[2625,2767],"product_tag":[],"class_list":{"0":"post-29339","1":"product","2":"type-product","3":"status-publish","4":"has-post-thumbnail","6":"product_cat-holzzaunelemente","7":"product_cat-holzzaunpaneele","9":"first","10":"instock","11":"taxable","12":"shipping-taxable","13":"purchasable","14":"product-type-simple"},"acf":[],"_links":{"self":[{"href":"https:\/\/enipau.ro\/ch\/wp-json\/wp\/v2\/product\/29339","targetHints":{"allow":["GET"]}}],"collection":[{"href":"https:\/\/enipau.ro\/ch\/wp-json\/wp\/v2\/product"}],"about":[{"href":"https:\/\/enipau.ro\/ch\/wp-json\/wp\/v2\/types\/product"}],"replies":[{"embeddable":true,"href":"https:\/\/enipau.ro\/ch\/wp-json\/wp\/v2\/comments?post=29339"}],"wp:featuredmedia":[{"embeddable":true,"href":"https:\/\/enipau.ro\/ch\/wp-json\/wp\/v2\/media\/29340"}],"wp:attachment":[{"href":"https:\/\/enipau.ro\/ch\/wp-json\/wp\/v2\/media?parent=29339"}],"wp:term":[{"taxonomy":"product_brand","embeddable":true,"href":"https:\/\/enipau.ro\/ch\/wp-json\/wp\/v2\/product_brand?post=29339"},{"taxonomy":"product_cat","embeddable":true,"href":"https:\/\/enipau.ro\/ch\/wp-json\/wp\/v2\/product_cat?post=29339"},{"taxonomy":"product_tag","embeddable":true,"href":"https:\/\/enipau.ro\/ch\/wp-json\/wp\/v2\/product_tag?post=29339"}],"curies":[{"name":"wp","href":"https:\/\/api.w.org\/{rel}","templated":true}]}}