{"id":29341,"date":"2020-05-14T15:49:08","date_gmt":"2020-05-14T15:49:08","guid":{"rendered":"https:\/\/enipau.ro\/produs\/uncategorized\/holzzaunelement-2\/"},"modified":"2020-05-14T15:49:08","modified_gmt":"2020-05-14T15:49:08","slug":"holzzaunelement-2","status":"publish","type":"product","link":"https:\/\/enipau.ro\/ch\/produkt\/holzzaunelemente\/holzzaunelement-2\/","title":{"rendered":"Holzzaunelement 2"},"content":{"rendered":"<p>Ein weiteres wichtiges Gestaltungselement f\u00fcr den Au\u00dfenbereich ist der Holzzaun, der nicht nur Schutz und Privatsph\u00e4re im Haus bietet, sondern auch zum wichtigsten Indikator f\u00fcr Stil und Image bei der Dekoration Ihres Hauses oder Ihrer H\u00fctte wird.<br \/>\nHolz ist eine gute \u00e4sthetische Wahl und bietet ein gem\u00fctliches Gef\u00fchl, das Sie bei anderen Materialien nicht finden. W\u00e4hlen Sie <a href=\"https:\/\/enipau.ro\/produse\/panouri-gard-lemn\/\">das Modell, das zu Ihrem Haus passt<\/a>, oder fordern Sie ein individuelles Angebot an.<\/p>\n","protected":false},"excerpt":{"rendered":"<p>Die vordefinierten Farben und Formen der vom Enipau-Team entworfenen Modelle sind nur einige Beispiele f\u00fcr die denkbaren Designs. <a href=\"https:\/\/enipau.ro\/contact\/\">Setzen Sie sich also mit den Spezialisten von Enipau <\/a>in Verbindung, wenn es um Unterst\u00fctzung, Montage, Transport und die Gestaltung einzigartiger Zaunfelder geht. <\/p>\n","protected":false},"featured_media":29342,"comment_status":"closed","ping_status":"closed","template":"","meta":{"_acf_changed":false},"product_brand":[],"product_cat":[2625,2767],"product_tag":[],"class_list":{"0":"post-29341","1":"product","2":"type-product","3":"status-publish","4":"has-post-thumbnail","6":"product_cat-holzzaunelemente","7":"product_cat-holzzaunpaneele","9":"first","10":"instock","11":"taxable","12":"shipping-taxable","13":"purchasable","14":"product-type-simple"},"acf":[],"_links":{"self":[{"href":"https:\/\/enipau.ro\/ch\/wp-json\/wp\/v2\/product\/29341","targetHints":{"allow":["GET"]}}],"collection":[{"href":"https:\/\/enipau.ro\/ch\/wp-json\/wp\/v2\/product"}],"about":[{"href":"https:\/\/enipau.ro\/ch\/wp-json\/wp\/v2\/types\/product"}],"replies":[{"embeddable":true,"href":"https:\/\/enipau.ro\/ch\/wp-json\/wp\/v2\/comments?post=29341"}],"wp:featuredmedia":[{"embeddable":true,"href":"https:\/\/enipau.ro\/ch\/wp-json\/wp\/v2\/media\/29342"}],"wp:attachment":[{"href":"https:\/\/enipau.ro\/ch\/wp-json\/wp\/v2\/media?parent=29341"}],"wp:term":[{"taxonomy":"product_brand","embeddable":true,"href":"https:\/\/enipau.ro\/ch\/wp-json\/wp\/v2\/product_brand?post=29341"},{"taxonomy":"product_cat","embeddable":true,"href":"https:\/\/enipau.ro\/ch\/wp-json\/wp\/v2\/product_cat?post=29341"},{"taxonomy":"product_tag","embeddable":true,"href":"https:\/\/enipau.ro\/ch\/wp-json\/wp\/v2\/product_tag?post=29341"}],"curies":[{"name":"wp","href":"https:\/\/api.w.org\/{rel}","templated":true}]}}