{"id":29343,"date":"2020-05-14T15:38:37","date_gmt":"2020-05-14T15:38:37","guid":{"rendered":"https:\/\/enipau.ro\/produs\/uncategorized\/holzzaunelement-1\/"},"modified":"2020-05-14T15:38:37","modified_gmt":"2020-05-14T15:38:37","slug":"holzzaunelement-1","status":"publish","type":"product","link":"https:\/\/enipau.ro\/ch\/produkt\/holzzaunelemente\/holzzaunelement-1\/","title":{"rendered":"Holzzaunelement 1"},"content":{"rendered":"<p>Ein Holzzaun ist die ideale Option f\u00fcr diejenigen, die sowohl modernen als auch traditionellen H\u00e4usern Wert und Pers\u00f6nlichkeit verleihen m\u00f6chten. Das Fichtenholz verleiht dem Zaun einen Hauch von Nat\u00fcrlichkeit, aber auch St\u00e4rke f\u00fcr eine lange Zeit. Ein weiterer Vorteil dieses Zauns ist, dass er dank der perfekten \u00dcberlappung der Bretter Privatsph\u00e4re und Abgeschiedenheit von der Hektik des Alltags bietet. Dieser Zaun ist eine ideale Wahl f\u00fcr Ihr Haus!<br \/>\n<a href=\"https:\/\/enipau.ro\/produse\/panouri-gard-lemn\/\">Das gesamte Portfolio einzigartiger Designs<\/a> gibt Ihnen einen \u00dcberblick \u00fcber Ihren zuk\u00fcnftigen Zaun. <a href=\"https:\/\/enipau.ro\/ch\/kontakt\/\">Wenden Sie sich an das Team<\/a>, wenn Sie individuelle Designs oder spezifische technische Details ben\u00f6tigen.<\/p>\n","protected":false},"excerpt":{"rendered":"<p>Das vorgestellte Holzzaunmodell ist aus hochwertigem, witterungsbest\u00e4ndigem Nadelholz gefertigt. Das bereits behandelte Holz kann auf Wunsch lackiert oder bearbeitet werden. Holzzaun ist nicht gleich Holzzaun, die Einzigartigkeit ergibt sich aus den Bed\u00fcrfnissen jedes Kunden. Erfahren Sie mehr aus dem <a href=\"https:\/\/enipau.ro\/galerie-lucrari\/\">Enipau-Portfolio<\/a>.   <\/p>\n","protected":false},"featured_media":29344,"comment_status":"closed","ping_status":"closed","template":"","meta":{"_acf_changed":false},"product_brand":[],"product_cat":[2625,2767],"product_tag":[],"class_list":{"0":"post-29343","1":"product","2":"type-product","3":"status-publish","4":"has-post-thumbnail","6":"product_cat-holzzaunelemente","7":"product_cat-holzzaunpaneele","9":"first","10":"instock","11":"taxable","12":"shipping-taxable","13":"purchasable","14":"product-type-simple"},"acf":[],"_links":{"self":[{"href":"https:\/\/enipau.ro\/ch\/wp-json\/wp\/v2\/product\/29343","targetHints":{"allow":["GET"]}}],"collection":[{"href":"https:\/\/enipau.ro\/ch\/wp-json\/wp\/v2\/product"}],"about":[{"href":"https:\/\/enipau.ro\/ch\/wp-json\/wp\/v2\/types\/product"}],"replies":[{"embeddable":true,"href":"https:\/\/enipau.ro\/ch\/wp-json\/wp\/v2\/comments?post=29343"}],"wp:featuredmedia":[{"embeddable":true,"href":"https:\/\/enipau.ro\/ch\/wp-json\/wp\/v2\/media\/29344"}],"wp:attachment":[{"href":"https:\/\/enipau.ro\/ch\/wp-json\/wp\/v2\/media?parent=29343"}],"wp:term":[{"taxonomy":"product_brand","embeddable":true,"href":"https:\/\/enipau.ro\/ch\/wp-json\/wp\/v2\/product_brand?post=29343"},{"taxonomy":"product_cat","embeddable":true,"href":"https:\/\/enipau.ro\/ch\/wp-json\/wp\/v2\/product_cat?post=29343"},{"taxonomy":"product_tag","embeddable":true,"href":"https:\/\/enipau.ro\/ch\/wp-json\/wp\/v2\/product_tag?post=29343"}],"curies":[{"name":"wp","href":"https:\/\/api.w.org\/{rel}","templated":true}]}}