{"id":29345,"date":"2020-05-14T15:22:33","date_gmt":"2020-05-14T15:22:33","guid":{"rendered":"https:\/\/enipau.ro\/produs\/uncategorized\/trapezfoermiges-fassadenelement\/"},"modified":"2020-05-14T15:22:33","modified_gmt":"2020-05-14T15:22:33","slug":"trapezfoermiges-fassadenelement","status":"publish","type":"product","link":"https:\/\/enipau.ro\/ch\/produkt\/holzverkleidung-aussenbereich\/trapezfoermiges-fassadenelement\/","title":{"rendered":"Trapezf\u00f6rmiges Fassadenelement"},"content":{"rendered":"<p>Holz ist zu einem immer beliebteren Material f\u00fcr kleine und gro\u00dfe Bauvorhaben geworden. Ein allgemeiner Trend ist die Verwendung von Holzverkleidungen, um Geb\u00e4uden ein individuelles Aussehen zu verleihen. Holz hat viele Vorteile, sowohl in \u00e4sthetischer als auch in praktischer Hinsicht. Es kann f\u00fcr die Verkleidung von H\u00e4usern, H\u00fctten, Hochh\u00e4usern oder Geb\u00e4uden f\u00fcr verschiedene Zwecke verwendet werden. Sie sind auch sehr n\u00fctzlich bei der Realisierung von festen oder verstellbaren Sonnenschirmen.<\/p>\n","protected":false},"excerpt":{"rendered":"<p>Enipau bietet trapezf\u00f6rmige Fassadenelemente in verschiedenen Gr\u00f6\u00dfen an, die mit dem Millesi-Wachsimpr\u00e4gnierverfahren im Preis enthalten sind. Mit Hilfe einer Farbpalette k\u00f6nnen Sie jeden gew\u00fcnschten Farbton w\u00e4hlen. Das Holz ist antiseptisch behandelt, um Sch\u00e4dlinge zu vernichten, und die Verarbeitung garantiert einen Materialverbrauch, der den Schutz der Oberfl\u00e4che gew\u00e4hrleistet. Wir bieten eine hervorragende Qualit\u00e4t der Fassadenelemente, denn das Holz wurde auf h\u00f6chstem Niveau kammergetrocknet und weist nur sehr kleine \u00c4ste auf.<\/p>\n","protected":false},"featured_media":29346,"comment_status":"closed","ping_status":"closed","template":"","meta":{"_acf_changed":false},"product_brand":[],"product_cat":[2594,2520],"product_tag":[],"class_list":{"0":"post-29345","1":"product","2":"type-product","3":"status-publish","4":"has-post-thumbnail","6":"product_cat-holzfassaden","7":"product_cat-holzverkleidung-aussenbereich","9":"first","10":"instock","11":"taxable","12":"shipping-taxable","13":"purchasable","14":"product-type-variable"},"acf":[],"_links":{"self":[{"href":"https:\/\/enipau.ro\/ch\/wp-json\/wp\/v2\/product\/29345","targetHints":{"allow":["GET"]}}],"collection":[{"href":"https:\/\/enipau.ro\/ch\/wp-json\/wp\/v2\/product"}],"about":[{"href":"https:\/\/enipau.ro\/ch\/wp-json\/wp\/v2\/types\/product"}],"replies":[{"embeddable":true,"href":"https:\/\/enipau.ro\/ch\/wp-json\/wp\/v2\/comments?post=29345"}],"wp:featuredmedia":[{"embeddable":true,"href":"https:\/\/enipau.ro\/ch\/wp-json\/wp\/v2\/media\/29346"}],"wp:attachment":[{"href":"https:\/\/enipau.ro\/ch\/wp-json\/wp\/v2\/media?parent=29345"}],"wp:term":[{"taxonomy":"product_brand","embeddable":true,"href":"https:\/\/enipau.ro\/ch\/wp-json\/wp\/v2\/product_brand?post=29345"},{"taxonomy":"product_cat","embeddable":true,"href":"https:\/\/enipau.ro\/ch\/wp-json\/wp\/v2\/product_cat?post=29345"},{"taxonomy":"product_tag","embeddable":true,"href":"https:\/\/enipau.ro\/ch\/wp-json\/wp\/v2\/product_tag?post=29345"}],"curies":[{"name":"wp","href":"https:\/\/api.w.org\/{rel}","templated":true}]}}