{"id":29355,"date":"2020-05-14T15:10:02","date_gmt":"2020-05-14T15:10:02","guid":{"rendered":"https:\/\/enipau.ro\/produs\/uncategorized\/gerades-fassadenelement\/"},"modified":"2020-05-14T15:10:02","modified_gmt":"2020-05-14T15:10:02","slug":"gerades-fassadenelement","status":"publish","type":"product","link":"https:\/\/enipau.ro\/ch\/produkt\/holzverkleidung-aussenbereich\/gerades-fassadenelement\/","title":{"rendered":"Gerades Fassadenelement"},"content":{"rendered":"<p>Wie bei anderen Baumaterialien h\u00e4ngen die Qualit\u00e4t und die Leistung von Holz f\u00fcr Fassaden vom gew\u00e4hlten Design sowie von der korrekten Konstruktion und Montage ab. Die Fassade ist ein Teil des Geb\u00e4udes und tr\u00e4gt zu dessen Aussehen und Halt bei. Das gerade Fassadenelement hat zwei abgerundete Kanten und wird mit Wachs und zwei Lackschichten behandelt.<br \/>\nDie Fassadendekoration ist vielf\u00e4ltig, wobei in der modernen Architektur zunehmend Holzvert\u00e4felungen verwendet werden, weil sie praktisch sind.<\/p>\n","protected":false},"excerpt":{"rendered":"<p>Der angegebene Preis beinhaltet die Wachsimpr\u00e4gnierung auf Basis von Millesi-Wachs. Mit Hilfe einer Farbpalette k\u00f6nnen Sie jeden gew\u00fcnschten Farbton w\u00e4hlen. Das Holz wird antiseptisch behandelt, um Sch\u00e4dlinge abzut\u00f6ten, und das Verfahren garantiert einen Materialverbrauch, der die Oberfl\u00e4che sch\u00fctzt. Ein allgemeiner Trend ist, dass Holzverkleidungen immer h\u00e4ufiger verwendet werden, um Geb\u00e4uden ein individuelles Aussehen zu verleihen.   <\/p>\n","protected":false},"featured_media":29356,"comment_status":"closed","ping_status":"closed","template":"","meta":{"_acf_changed":false},"product_brand":[],"product_cat":[2594,2520],"product_tag":[],"class_list":{"0":"post-29355","1":"product","2":"type-product","3":"status-publish","4":"has-post-thumbnail","6":"product_cat-holzfassaden","7":"product_cat-holzverkleidung-aussenbereich","9":"first","10":"instock","11":"taxable","12":"shipping-taxable","13":"purchasable","14":"product-type-variable"},"acf":[],"_links":{"self":[{"href":"https:\/\/enipau.ro\/ch\/wp-json\/wp\/v2\/product\/29355","targetHints":{"allow":["GET"]}}],"collection":[{"href":"https:\/\/enipau.ro\/ch\/wp-json\/wp\/v2\/product"}],"about":[{"href":"https:\/\/enipau.ro\/ch\/wp-json\/wp\/v2\/types\/product"}],"replies":[{"embeddable":true,"href":"https:\/\/enipau.ro\/ch\/wp-json\/wp\/v2\/comments?post=29355"}],"wp:featuredmedia":[{"embeddable":true,"href":"https:\/\/enipau.ro\/ch\/wp-json\/wp\/v2\/media\/29356"}],"wp:attachment":[{"href":"https:\/\/enipau.ro\/ch\/wp-json\/wp\/v2\/media?parent=29355"}],"wp:term":[{"taxonomy":"product_brand","embeddable":true,"href":"https:\/\/enipau.ro\/ch\/wp-json\/wp\/v2\/product_brand?post=29355"},{"taxonomy":"product_cat","embeddable":true,"href":"https:\/\/enipau.ro\/ch\/wp-json\/wp\/v2\/product_cat?post=29355"},{"taxonomy":"product_tag","embeddable":true,"href":"https:\/\/enipau.ro\/ch\/wp-json\/wp\/v2\/product_tag?post=29355"}],"curies":[{"name":"wp","href":"https:\/\/api.w.org\/{rel}","templated":true}]}}