{"id":29362,"date":"2020-05-14T15:05:06","date_gmt":"2020-05-14T15:05:06","guid":{"rendered":"https:\/\/enipau.ro\/produs\/uncategorized\/halbrundes-fassadenelement\/"},"modified":"2020-05-14T15:05:06","modified_gmt":"2020-05-14T15:05:06","slug":"halbrundes-fassadenelement","status":"publish","type":"product","link":"https:\/\/enipau.ro\/ch\/produkt\/holzverkleidung-aussenbereich\/halbrundes-fassadenelement\/","title":{"rendered":"Halbrundes Fassadenelement"},"content":{"rendered":"<p>Es kann nach Ihren W\u00fcnschen eingef\u00e4rbt werden, kann horizontal oder vertikal und in verschiedenen Abst\u00e4nden verwendet werden, hat aber auch praktische Vorteile wie erh\u00f6hten W\u00e4rmekomfort und Haltbarkeit.<\/p>\n<p>Einige Vorteile von Holzverkleidungen:<\/p>\n<ul>\n<li>Energie-Effizienz<\/li>\n<li>Schnelle Installation<\/li>\n<li>Nat\u00fcrliches, biologisches Produkt<\/li>\n<li>Strapazierf\u00e4higes Material<\/li>\n<li>Angemessener Preis<\/li>\n<li>Elegantes, modernes Design<\/li>\n<\/ul>\n","protected":false},"excerpt":{"rendered":"<p>Enipau bietet Ihnen halbrunde Fassadenelemente in verschiedenen Gr\u00f6\u00dfen. Der angegebene Preis beinhaltet die Wachsimpr\u00e4gnierung auf Basis von Millesi-Wachs. Mit Hilfe einer Farbpalette k\u00f6nnen Sie jeden gew\u00fcnschten Farbton w\u00e4hlen. Das Holz ist antiseptisch behandelt, um Sch\u00e4dlinge zu vernichten, und die Verarbeitung garantiert einen Materialverbrauch, der den Oberfl\u00e4chenschutz gew\u00e4hrleistet.   <\/p>\n","protected":false},"featured_media":29363,"comment_status":"closed","ping_status":"closed","template":"","meta":{"_acf_changed":false},"product_brand":[],"product_cat":[2594,2520],"product_tag":[],"class_list":{"0":"post-29362","1":"product","2":"type-product","3":"status-publish","4":"has-post-thumbnail","6":"product_cat-holzfassaden","7":"product_cat-holzverkleidung-aussenbereich","9":"first","10":"instock","11":"taxable","12":"shipping-taxable","13":"purchasable","14":"product-type-variable","15":"has-default-attributes"},"acf":[],"_links":{"self":[{"href":"https:\/\/enipau.ro\/ch\/wp-json\/wp\/v2\/product\/29362","targetHints":{"allow":["GET"]}}],"collection":[{"href":"https:\/\/enipau.ro\/ch\/wp-json\/wp\/v2\/product"}],"about":[{"href":"https:\/\/enipau.ro\/ch\/wp-json\/wp\/v2\/types\/product"}],"replies":[{"embeddable":true,"href":"https:\/\/enipau.ro\/ch\/wp-json\/wp\/v2\/comments?post=29362"}],"wp:featuredmedia":[{"embeddable":true,"href":"https:\/\/enipau.ro\/ch\/wp-json\/wp\/v2\/media\/29363"}],"wp:attachment":[{"href":"https:\/\/enipau.ro\/ch\/wp-json\/wp\/v2\/media?parent=29362"}],"wp:term":[{"taxonomy":"product_brand","embeddable":true,"href":"https:\/\/enipau.ro\/ch\/wp-json\/wp\/v2\/product_brand?post=29362"},{"taxonomy":"product_cat","embeddable":true,"href":"https:\/\/enipau.ro\/ch\/wp-json\/wp\/v2\/product_cat?post=29362"},{"taxonomy":"product_tag","embeddable":true,"href":"https:\/\/enipau.ro\/ch\/wp-json\/wp\/v2\/product_tag?post=29362"}],"curies":[{"name":"wp","href":"https:\/\/api.w.org\/{rel}","templated":true}]}}