{"id":29382,"date":"2020-05-14T14:46:43","date_gmt":"2020-05-14T14:46:43","guid":{"rendered":"https:\/\/enipau.ro\/produs\/uncategorized\/v-gelenk\/"},"modified":"2020-05-14T14:46:43","modified_gmt":"2020-05-14T14:46:43","slug":"v-gelenk","status":"publish","type":"product","link":"https:\/\/enipau.ro\/ch\/produkt\/holzverbinder-beschlaege\/v-gelenk\/","title":{"rendered":"&#8220;V&#8221;-Gelenk"},"content":{"rendered":"<p>Holzverbindungsbolzen k\u00f6nnen, je nach Gr\u00f6\u00dfe, zur Befestigung von Holzsparren, Brettern oder Balken verwendet werden.<\/p>\n","protected":false},"excerpt":{"rendered":"<p>Enipau bietet V-Verbindungen f\u00fcr Holz und andere Befestigungsmittel an. Es wird aus verzinktem Stahlblech hergestellt. Es wird haupts\u00e4chlich f\u00fcr die Realisierung verschiedener Holzstrukturen an H\u00e4usern, D\u00e4chern, Garagen, Pergolen, Lauben, Pavillons, Terrassen, Gel\u00e4ndern, Z\u00e4unen, Toren usw. verwendet.  <\/p>\n","protected":false},"featured_media":29383,"comment_status":"closed","ping_status":"closed","template":"","meta":{"_acf_changed":false},"product_brand":[],"product_cat":[2622],"product_tag":[],"class_list":{"0":"post-29382","1":"product","2":"type-product","3":"status-publish","4":"has-post-thumbnail","6":"product_cat-holzverbinder-beschlaege","8":"first","9":"instock","10":"taxable","11":"shipping-taxable","12":"purchasable","13":"product-type-variable"},"acf":[],"_links":{"self":[{"href":"https:\/\/enipau.ro\/ch\/wp-json\/wp\/v2\/product\/29382","targetHints":{"allow":["GET"]}}],"collection":[{"href":"https:\/\/enipau.ro\/ch\/wp-json\/wp\/v2\/product"}],"about":[{"href":"https:\/\/enipau.ro\/ch\/wp-json\/wp\/v2\/types\/product"}],"replies":[{"embeddable":true,"href":"https:\/\/enipau.ro\/ch\/wp-json\/wp\/v2\/comments?post=29382"}],"wp:featuredmedia":[{"embeddable":true,"href":"https:\/\/enipau.ro\/ch\/wp-json\/wp\/v2\/media\/29383"}],"wp:attachment":[{"href":"https:\/\/enipau.ro\/ch\/wp-json\/wp\/v2\/media?parent=29382"}],"wp:term":[{"taxonomy":"product_brand","embeddable":true,"href":"https:\/\/enipau.ro\/ch\/wp-json\/wp\/v2\/product_brand?post=29382"},{"taxonomy":"product_cat","embeddable":true,"href":"https:\/\/enipau.ro\/ch\/wp-json\/wp\/v2\/product_cat?post=29382"},{"taxonomy":"product_tag","embeddable":true,"href":"https:\/\/enipau.ro\/ch\/wp-json\/wp\/v2\/product_tag?post=29382"}],"curies":[{"name":"wp","href":"https:\/\/api.w.org\/{rel}","templated":true}]}}