{"id":29416,"date":"2020-05-14T14:40:52","date_gmt":"2020-05-14T14:40:52","guid":{"rendered":"https:\/\/enipau.ro\/produs\/uncategorized\/heco-unix-top-holzvertaefelung-schraube\/"},"modified":"2020-05-14T14:40:52","modified_gmt":"2020-05-14T14:40:52","slug":"heco-unix-top-holzvertaefelung-schraube","status":"publish","type":"product","link":"https:\/\/enipau.ro\/ch\/produkt\/holzverbinder-beschlaege\/heco-unix-top-holzvertaefelung-schraube\/","title":{"rendered":"Heco Unix Top Holzvert\u00e4felung Schraube"},"content":{"rendered":"<p>Das HECO Unix Vollgewinde sorgt f\u00fcr einen kompakten Halt und daf\u00fcr, dass B\u00f6den und Dielen im Laufe der Zeit nicht quietschen. Sie werden haupts\u00e4chlich f\u00fcr die Befestigung von B\u00f6den, Holzvert\u00e4felungen, Fassaden und Dielen verwendet. Sie k\u00f6nnen auch f\u00fcr die Montage von M\u00f6beln, die Befestigung von Fenster- und Schubladenrahmen und Bienenk\u00e4sten verwendet werden.<\/p>\n","protected":false},"excerpt":{"rendered":"<p>Enipau bietet HECO Unix Holzschrauben mit Gewinde und progressivem Anzugseffekt an. Die Schrauben sind mit einem kleinen, halbhohen Kopf ausgestattet, der f\u00fcr ein au\u00dfergew\u00f6hnliches Finish sorgt. Sie k\u00f6nnen auch in einem 45-Grad-Winkel eingeschraubt werden.  <\/p>\n","protected":false},"featured_media":29417,"comment_status":"closed","ping_status":"closed","template":"","meta":{"_acf_changed":false},"product_brand":[],"product_cat":[2622],"product_tag":[],"class_list":{"0":"post-29416","1":"product","2":"type-product","3":"status-publish","4":"has-post-thumbnail","6":"product_cat-holzverbinder-beschlaege","8":"first","9":"instock","10":"taxable","11":"shipping-taxable","12":"purchasable","13":"product-type-variable"},"acf":[],"_links":{"self":[{"href":"https:\/\/enipau.ro\/ch\/wp-json\/wp\/v2\/product\/29416","targetHints":{"allow":["GET"]}}],"collection":[{"href":"https:\/\/enipau.ro\/ch\/wp-json\/wp\/v2\/product"}],"about":[{"href":"https:\/\/enipau.ro\/ch\/wp-json\/wp\/v2\/types\/product"}],"replies":[{"embeddable":true,"href":"https:\/\/enipau.ro\/ch\/wp-json\/wp\/v2\/comments?post=29416"}],"wp:featuredmedia":[{"embeddable":true,"href":"https:\/\/enipau.ro\/ch\/wp-json\/wp\/v2\/media\/29417"}],"wp:attachment":[{"href":"https:\/\/enipau.ro\/ch\/wp-json\/wp\/v2\/media?parent=29416"}],"wp:term":[{"taxonomy":"product_brand","embeddable":true,"href":"https:\/\/enipau.ro\/ch\/wp-json\/wp\/v2\/product_brand?post=29416"},{"taxonomy":"product_cat","embeddable":true,"href":"https:\/\/enipau.ro\/ch\/wp-json\/wp\/v2\/product_cat?post=29416"},{"taxonomy":"product_tag","embeddable":true,"href":"https:\/\/enipau.ro\/ch\/wp-json\/wp\/v2\/product_tag?post=29416"}],"curies":[{"name":"wp","href":"https:\/\/api.w.org\/{rel}","templated":true}]}}