{"id":29509,"date":"2020-05-14T14:28:20","date_gmt":"2020-05-14T14:28:20","guid":{"rendered":"https:\/\/enipau.ro\/produs\/uncategorized\/millesi-wachspolitur\/"},"modified":"2020-05-14T14:28:20","modified_gmt":"2020-05-14T14:28:20","slug":"millesi-wachspolitur","status":"publish","type":"product","link":"https:\/\/enipau.ro\/ch\/produkt\/lacke-behandlungen\/millesi-wachspolitur\/","title":{"rendered":"Millesi Wachspolitur"},"content":{"rendered":"<p>XGT 43\/M ist ein dickfl\u00fcssiger Lasurlack, der mit dem Pinsel auf Holzoberfl\u00e4chen aufgetragen wird. Er hat \u00e4hnliche Eigenschaften wie XGC 073. Wenn Sie drei Schichten Lack 43\/M auftragen, erzielen Sie den gleichen Effekt wie mit einer Schicht XGC 073.<\/p>\n","protected":false},"excerpt":{"rendered":"<p>Millesi Oberfl\u00e4chenwachspolitur f\u00fcr Oberfl\u00e4chen, Anwendung vor der Endbearbeitung. Sie enthalten Harze, die das Holz vor \u00e4u\u00dferen Einfl\u00fcssen sch\u00fctzen und einen Schutz vor UV-Strahlen bieten. Sie ziehen leicht in das Holz ein und bilden einen d\u00fcnnen Film, der das Holz wasserabweisend macht.<br \/>\n<strong><a style=\"font-size: 20px; margin: 10px 0; display: block;\" href=\"https:\/\/enipau.ro\/app\/uploads\/2024\/11\/Enipau-Catalog-Culori.pdf\" target=\"\u201d_blank\u201d\" rel=\"noopener\">Siehe Farbkatalog<\/a><\/strong><\/p>\n","protected":false},"featured_media":29510,"comment_status":"closed","ping_status":"closed","template":"","meta":{"_acf_changed":false},"product_brand":[],"product_cat":[2821],"product_tag":[],"class_list":{"0":"post-29509","1":"product","2":"type-product","3":"status-publish","4":"has-post-thumbnail","6":"product_cat-lacke-behandlungen","8":"first","9":"instock","10":"taxable","11":"shipping-taxable","12":"purchasable","13":"product-type-variable"},"acf":[],"_links":{"self":[{"href":"https:\/\/enipau.ro\/ch\/wp-json\/wp\/v2\/product\/29509","targetHints":{"allow":["GET"]}}],"collection":[{"href":"https:\/\/enipau.ro\/ch\/wp-json\/wp\/v2\/product"}],"about":[{"href":"https:\/\/enipau.ro\/ch\/wp-json\/wp\/v2\/types\/product"}],"replies":[{"embeddable":true,"href":"https:\/\/enipau.ro\/ch\/wp-json\/wp\/v2\/comments?post=29509"}],"wp:featuredmedia":[{"embeddable":true,"href":"https:\/\/enipau.ro\/ch\/wp-json\/wp\/v2\/media\/29510"}],"wp:attachment":[{"href":"https:\/\/enipau.ro\/ch\/wp-json\/wp\/v2\/media?parent=29509"}],"wp:term":[{"taxonomy":"product_brand","embeddable":true,"href":"https:\/\/enipau.ro\/ch\/wp-json\/wp\/v2\/product_brand?post=29509"},{"taxonomy":"product_cat","embeddable":true,"href":"https:\/\/enipau.ro\/ch\/wp-json\/wp\/v2\/product_cat?post=29509"},{"taxonomy":"product_tag","embeddable":true,"href":"https:\/\/enipau.ro\/ch\/wp-json\/wp\/v2\/product_tag?post=29509"}],"curies":[{"name":"wp","href":"https:\/\/api.w.org\/{rel}","templated":true}]}}