{"id":29579,"date":"2020-05-14T14:27:41","date_gmt":"2020-05-14T14:27:41","guid":{"rendered":"https:\/\/enipau.ro\/produs\/uncategorized\/tikkurila-oel\/"},"modified":"2020-05-14T14:27:41","modified_gmt":"2020-05-14T14:27:41","slug":"tikkurila-oel","status":"publish","type":"product","link":"https:\/\/enipau.ro\/ch\/produkt\/lacke-behandlungen\/tikkurila-oel\/","title":{"rendered":"Tikkurila \u00d6l"},"content":{"rendered":"<p>Sch\u00fctzt das Holz vor Feuchtigkeit und Schmutz und reduziert rissige Oberfl\u00e4chen (Risse). Es kann auf die Enden des Holzes aufgetragen werden, indem es auf die Arbeitsfl\u00e4che gestrichen wird, auch f\u00fcr Harth\u00f6lzer, die nach W\u00e4rmebehandlungen von Rohholz impr\u00e4gniert wurden.<\/p>\n","protected":false},"excerpt":{"rendered":"<p>Tragen Sie es auf Gartenm\u00f6bel, Holzterrassen, Treppen, Z\u00e4une, Gel\u00e4nder, Pfeiler und Br\u00fccken auf. Dieses \u00d6l ist l\u00f6sungsmittelbasiert und f\u00fcr alle Holzarten geeignet. Die Oberfl\u00e4che trocknet in wenigen Stunden und wird auf trockenes Holz aufgetragen.   <\/p>\n","protected":false},"featured_media":29580,"comment_status":"closed","ping_status":"closed","template":"","meta":{"_acf_changed":false},"product_brand":[],"product_cat":[2821],"product_tag":[],"class_list":{"0":"post-29579","1":"product","2":"type-product","3":"status-publish","4":"has-post-thumbnail","6":"product_cat-lacke-behandlungen","8":"first","9":"instock","10":"taxable","11":"shipping-taxable","12":"purchasable","13":"product-type-simple"},"acf":[],"_links":{"self":[{"href":"https:\/\/enipau.ro\/ch\/wp-json\/wp\/v2\/product\/29579","targetHints":{"allow":["GET"]}}],"collection":[{"href":"https:\/\/enipau.ro\/ch\/wp-json\/wp\/v2\/product"}],"about":[{"href":"https:\/\/enipau.ro\/ch\/wp-json\/wp\/v2\/types\/product"}],"replies":[{"embeddable":true,"href":"https:\/\/enipau.ro\/ch\/wp-json\/wp\/v2\/comments?post=29579"}],"wp:featuredmedia":[{"embeddable":true,"href":"https:\/\/enipau.ro\/ch\/wp-json\/wp\/v2\/media\/29580"}],"wp:attachment":[{"href":"https:\/\/enipau.ro\/ch\/wp-json\/wp\/v2\/media?parent=29579"}],"wp:term":[{"taxonomy":"product_brand","embeddable":true,"href":"https:\/\/enipau.ro\/ch\/wp-json\/wp\/v2\/product_brand?post=29579"},{"taxonomy":"product_cat","embeddable":true,"href":"https:\/\/enipau.ro\/ch\/wp-json\/wp\/v2\/product_cat?post=29579"},{"taxonomy":"product_tag","embeddable":true,"href":"https:\/\/enipau.ro\/ch\/wp-json\/wp\/v2\/product_tag?post=29579"}],"curies":[{"name":"wp","href":"https:\/\/api.w.org\/{rel}","templated":true}]}}