{"id":29581,"date":"2020-05-14T14:25:50","date_gmt":"2020-05-14T14:25:50","guid":{"rendered":"https:\/\/enipau.ro\/produs\/uncategorized\/ignorieren\/"},"modified":"2020-05-14T14:25:50","modified_gmt":"2020-05-14T14:25:50","slug":"ignorieren","status":"publish","type":"product","link":"https:\/\/enipau.ro\/ch\/produkt\/lacke-behandlungen\/ignorieren\/","title":{"rendered":"Ignorieren"},"content":{"rendered":"<ul>\n<li>Der Schutz des Holzes gegen die Einwirkung von Feuer wird durch die Behandlung mit Substanzen erreicht, die als Flammschutzmittel bezeichnet werden und die die Widerstandsf\u00e4higkeit von Holzmaterialien gegen Feuer erh\u00f6hen sollen. Aufgrund ihrer organischen Beschaffenheit geh\u00f6ren diese Holzmaterialien zur Kategorie der brennbaren Stoffe und verlieren diese Eigenschaft durch die Behandlung mit Flammschutzmitteln nicht vollst\u00e4ndig. Die Behandlung von Holz mit Flammschutzmitteln f\u00fchrt zu einer Verz\u00f6gerung der Entz\u00fcndung und nach der Entz\u00fcndung zu einer Verlangsamung des Brennvorgangs und einem schnellen Erl\u00f6schen.  <\/li>\n<li>Der Effekt der Verz\u00f6gerung des Verbrennungsprozesses ist begrenzt und f\u00fchrt in der Praxis zu einer Verl\u00e4ngerung der Zeit, die f\u00fcr den Ausbruch des Feuers ben\u00f6tigt wird, wodurch es m\u00f6glich wird, Ma\u00dfnahmen zur Brandbek\u00e4mpfung zu ergreifen.<\/li>\n<\/ul>\n<p>Ungiftig. Beeintr\u00e4chtigt nicht die biologische Abbaubarkeit. Geruchlos und farblos. Enth\u00e4lt keine Kohlenwasserstoffhalogene. Ver\u00e4ndert die Struktur des behandelten Materials nicht wesentlich.<br \/>\nEs wird empfohlen, bei der Spr\u00fchbehandlung Gummihandschuhe und eine Schutzbrille zu tragen.<br \/>\nWaschen Sie bei Kontakt mit der Substanz den Bereich mit reichlich Wasser.<\/p>\n","protected":false},"excerpt":{"rendered":"<p>Holzbrandschutz. Magma Firestop Sbp 10.<br \/>\nFeuerwehrausschreibung 45815 Cnsipc <\/p>\n<p>\u00dcbersicht<\/p>\n<p>Magma Firestop SBP 10 ist ein k\u00f6rniges Flammschutzmittel, das speziell f\u00fcr die Behandlung von Holz entwickelt wurde.<br \/>\nEs wird in Wasser aufgel\u00f6st, um die Arbeitssubstanz in einer Konzentration von 10-12% seines Volumens zu erzeugen.<br \/>\nDie Materialien k\u00f6nnen mit folgenden Verfahren behandelt werden: Spr\u00fchen, Tauchen, Streichen.<\/p>\n","protected":false},"featured_media":29582,"comment_status":"closed","ping_status":"closed","template":"","meta":{"_acf_changed":false},"product_brand":[],"product_cat":[2821],"product_tag":[],"class_list":{"0":"post-29581","1":"product","2":"type-product","3":"status-publish","4":"has-post-thumbnail","6":"product_cat-lacke-behandlungen","8":"first","9":"instock","10":"taxable","11":"shipping-taxable","12":"purchasable","13":"product-type-simple"},"acf":[],"_links":{"self":[{"href":"https:\/\/enipau.ro\/ch\/wp-json\/wp\/v2\/product\/29581","targetHints":{"allow":["GET"]}}],"collection":[{"href":"https:\/\/enipau.ro\/ch\/wp-json\/wp\/v2\/product"}],"about":[{"href":"https:\/\/enipau.ro\/ch\/wp-json\/wp\/v2\/types\/product"}],"replies":[{"embeddable":true,"href":"https:\/\/enipau.ro\/ch\/wp-json\/wp\/v2\/comments?post=29581"}],"wp:featuredmedia":[{"embeddable":true,"href":"https:\/\/enipau.ro\/ch\/wp-json\/wp\/v2\/media\/29582"}],"wp:attachment":[{"href":"https:\/\/enipau.ro\/ch\/wp-json\/wp\/v2\/media?parent=29581"}],"wp:term":[{"taxonomy":"product_brand","embeddable":true,"href":"https:\/\/enipau.ro\/ch\/wp-json\/wp\/v2\/product_brand?post=29581"},{"taxonomy":"product_cat","embeddable":true,"href":"https:\/\/enipau.ro\/ch\/wp-json\/wp\/v2\/product_cat?post=29581"},{"taxonomy":"product_tag","embeddable":true,"href":"https:\/\/enipau.ro\/ch\/wp-json\/wp\/v2\/product_tag?post=29581"}],"curies":[{"name":"wp","href":"https:\/\/api.w.org\/{rel}","templated":true}]}}