{"id":29583,"date":"2020-05-14T14:19:42","date_gmt":"2020-05-14T14:19:42","guid":{"rendered":"https:\/\/enipau.ro\/produs\/uncategorized\/elemente-des-handlaufs\/"},"modified":"2020-05-14T14:19:42","modified_gmt":"2020-05-14T14:19:42","slug":"elemente-des-handlaufs","status":"publish","type":"product","link":"https:\/\/enipau.ro\/ch\/produkt\/holzterrassen-balkone\/elemente-des-handlaufs\/","title":{"rendered":"Elemente des Handlaufs"},"content":{"rendered":"<p>Enipau produziert und verkauft Balustradenelemente aus Holz in verschiedenen Gr\u00f6\u00dfen. Diese Elemente werden verwendet, um den Raum zwischen den Pfosten einer Balustrade zu f\u00fcllen und k\u00f6nnen f\u00fcr Balkone und Terrassen verwendet werden. Auf Anfrage bieten wir zus\u00e4tzliche Veredelungen, Behandlungen oder Anstriche in verschiedenen Farben an.  <\/p>\n<p>Der perfekte Raum f\u00fcr Urlaubsabende im Ferienhaus oder in Ihrem eigenen Haus; der Holzbalkon\/die Holzterrasse, rustikal, klassisch und gem\u00fctlich. Die Pr\u00e4senz von Holz in jeder Konstruktion besticht durch seine Eleganz und Lebendigkeit und sorgt f\u00fcr einen angenehmen \u00dcbergang zwischen Innen- und Au\u00dfenbereich eines Hauses.<\/p>\n","protected":false},"excerpt":{"rendered":"<p>Enipau bietet Holzelemente f\u00fcr den Bau von Balustraden an, die f\u00fcr Balkone, Terrassen oder Innen-\/Au\u00dfentreppen geeignet sind.<\/p>\n","protected":false},"featured_media":29584,"comment_status":"closed","ping_status":"closed","template":"","meta":{"_acf_changed":false},"product_brand":[],"product_cat":[2758,2600],"product_tag":[],"class_list":{"0":"post-29583","1":"product","2":"type-product","3":"status-publish","4":"has-post-thumbnail","6":"product_cat-holzbalkone","7":"product_cat-holzterrassen-balkone","9":"first","10":"instock","11":"taxable","12":"shipping-taxable","13":"purchasable","14":"product-type-variable"},"acf":[],"_links":{"self":[{"href":"https:\/\/enipau.ro\/ch\/wp-json\/wp\/v2\/product\/29583","targetHints":{"allow":["GET"]}}],"collection":[{"href":"https:\/\/enipau.ro\/ch\/wp-json\/wp\/v2\/product"}],"about":[{"href":"https:\/\/enipau.ro\/ch\/wp-json\/wp\/v2\/types\/product"}],"replies":[{"embeddable":true,"href":"https:\/\/enipau.ro\/ch\/wp-json\/wp\/v2\/comments?post=29583"}],"wp:featuredmedia":[{"embeddable":true,"href":"https:\/\/enipau.ro\/ch\/wp-json\/wp\/v2\/media\/29584"}],"wp:attachment":[{"href":"https:\/\/enipau.ro\/ch\/wp-json\/wp\/v2\/media?parent=29583"}],"wp:term":[{"taxonomy":"product_brand","embeddable":true,"href":"https:\/\/enipau.ro\/ch\/wp-json\/wp\/v2\/product_brand?post=29583"},{"taxonomy":"product_cat","embeddable":true,"href":"https:\/\/enipau.ro\/ch\/wp-json\/wp\/v2\/product_cat?post=29583"},{"taxonomy":"product_tag","embeddable":true,"href":"https:\/\/enipau.ro\/ch\/wp-json\/wp\/v2\/product_tag?post=29583"}],"curies":[{"name":"wp","href":"https:\/\/api.w.org\/{rel}","templated":true}]}}