{"id":29592,"date":"2020-05-11T16:08:53","date_gmt":"2020-05-11T16:08:53","guid":{"rendered":"https:\/\/enipau.ro\/produs\/uncategorized\/handlauf-aus-holz\/"},"modified":"2020-05-11T16:08:53","modified_gmt":"2020-05-11T16:08:53","slug":"handlauf-aus-holz","status":"publish","type":"product","link":"https:\/\/enipau.ro\/ch\/produkt\/holzterrassen-balkone\/handlauf-aus-holz\/","title":{"rendered":"Handlauf aus Holz"},"content":{"rendered":"<p>Enipau bietet fertige, profilierte Holzhandl\u00e4ufe in verschiedenen Gr\u00f6\u00dfen an. Der Handlauf wird f\u00fcr Balustraden auf Balkonen, Terrassen oder Treppenh\u00e4usern verwendet. Er ist n\u00fctzlich, weil er Personen, die in der N\u00e4he dieser Gel\u00e4nder stehen oder sich bewegen, Halt bietet und somit Sicherheit und Schutz bietet. Der aktuelle Handlauf hat ein spezielles Profil mit abgerundeten Oberkanten, um einen guten Halt und gro\u00dfe Sicherheit f\u00fcr die Personen zu gew\u00e4hrleisten, die ihn benutzen. Wir fertigen auf Anfrage verschiedene Profile f\u00fcr den Handlauf an.<\/p>\n","protected":false},"excerpt":{"rendered":"<p>Wir k\u00f6nnen den Strommast oder die Gel\u00e4nderelemente realisieren. Wir bieten auch die Montage und den Transport \u00fcberall in Rum\u00e4nien an. Der Balkon kann zum visuellen Mittelpunkt eines Hauses werden, denn er kann in jeder Farbe gestrichen werden, an der das Auge verweilen kann.  <\/p>\n","protected":false},"featured_media":29593,"comment_status":"closed","ping_status":"closed","template":"","meta":{"_acf_changed":false},"product_brand":[],"product_cat":[2758,2600],"product_tag":[],"class_list":{"0":"post-29592","1":"product","2":"type-product","3":"status-publish","4":"has-post-thumbnail","6":"product_cat-holzbalkone","7":"product_cat-holzterrassen-balkone","9":"first","10":"instock","11":"taxable","12":"shipping-taxable","13":"purchasable","14":"product-type-variable"},"acf":[],"_links":{"self":[{"href":"https:\/\/enipau.ro\/ch\/wp-json\/wp\/v2\/product\/29592","targetHints":{"allow":["GET"]}}],"collection":[{"href":"https:\/\/enipau.ro\/ch\/wp-json\/wp\/v2\/product"}],"about":[{"href":"https:\/\/enipau.ro\/ch\/wp-json\/wp\/v2\/types\/product"}],"replies":[{"embeddable":true,"href":"https:\/\/enipau.ro\/ch\/wp-json\/wp\/v2\/comments?post=29592"}],"wp:featuredmedia":[{"embeddable":true,"href":"https:\/\/enipau.ro\/ch\/wp-json\/wp\/v2\/media\/29593"}],"wp:attachment":[{"href":"https:\/\/enipau.ro\/ch\/wp-json\/wp\/v2\/media?parent=29592"}],"wp:term":[{"taxonomy":"product_brand","embeddable":true,"href":"https:\/\/enipau.ro\/ch\/wp-json\/wp\/v2\/product_brand?post=29592"},{"taxonomy":"product_cat","embeddable":true,"href":"https:\/\/enipau.ro\/ch\/wp-json\/wp\/v2\/product_cat?post=29592"},{"taxonomy":"product_tag","embeddable":true,"href":"https:\/\/enipau.ro\/ch\/wp-json\/wp\/v2\/product_tag?post=29592"}],"curies":[{"name":"wp","href":"https:\/\/api.w.org\/{rel}","templated":true}]}}