{"id":29598,"date":"2020-05-11T16:00:38","date_gmt":"2020-05-11T16:00:38","guid":{"rendered":"https:\/\/enipau.ro\/produs\/uncategorized\/gelaenderpfosten\/"},"modified":"2020-05-11T16:00:38","modified_gmt":"2020-05-11T16:00:38","slug":"gelaenderpfosten","status":"publish","type":"product","link":"https:\/\/enipau.ro\/ch\/produkt\/holzterrassen-balkone\/gelaenderpfosten\/","title":{"rendered":"Gel\u00e4nderpfosten"},"content":{"rendered":"<p>Enipau produziert und vertreibt dekorative Pfosten mit verschiedenen Profilen in unterschiedlichen Gr\u00f6\u00dfen. Auf Wunsch des Kunden fertigen wir ma\u00dfgeschneiderte Profile, behandeln und lackieren die Pfosten. Sie werden haupts\u00e4chlich f\u00fcr die Montage von Balkon- und Terrassengel\u00e4ndern verwendet.<\/p>\n","protected":false},"excerpt":{"rendered":"<p>Im modernen Design bringt Holz Wert in ein Haus, in dem Linien und Formen mit unterschiedlichen Volumen vorherrschen. W\u00e4hlen Sie die Enipau Holzbalustrade, unser eigenes Design. <\/p>\n","protected":false},"featured_media":29599,"comment_status":"closed","ping_status":"closed","template":"","meta":{"_acf_changed":false},"product_brand":[],"product_cat":[2758,2600],"product_tag":[],"class_list":{"0":"post-29598","1":"product","2":"type-product","3":"status-publish","4":"has-post-thumbnail","6":"product_cat-holzbalkone","7":"product_cat-holzterrassen-balkone","9":"first","10":"instock","11":"taxable","12":"shipping-taxable","13":"purchasable","14":"product-type-variable"},"acf":[],"_links":{"self":[{"href":"https:\/\/enipau.ro\/ch\/wp-json\/wp\/v2\/product\/29598","targetHints":{"allow":["GET"]}}],"collection":[{"href":"https:\/\/enipau.ro\/ch\/wp-json\/wp\/v2\/product"}],"about":[{"href":"https:\/\/enipau.ro\/ch\/wp-json\/wp\/v2\/types\/product"}],"replies":[{"embeddable":true,"href":"https:\/\/enipau.ro\/ch\/wp-json\/wp\/v2\/comments?post=29598"}],"wp:featuredmedia":[{"embeddable":true,"href":"https:\/\/enipau.ro\/ch\/wp-json\/wp\/v2\/media\/29599"}],"wp:attachment":[{"href":"https:\/\/enipau.ro\/ch\/wp-json\/wp\/v2\/media?parent=29598"}],"wp:term":[{"taxonomy":"product_brand","embeddable":true,"href":"https:\/\/enipau.ro\/ch\/wp-json\/wp\/v2\/product_brand?post=29598"},{"taxonomy":"product_cat","embeddable":true,"href":"https:\/\/enipau.ro\/ch\/wp-json\/wp\/v2\/product_cat?post=29598"},{"taxonomy":"product_tag","embeddable":true,"href":"https:\/\/enipau.ro\/ch\/wp-json\/wp\/v2\/product_tag?post=29598"}],"curies":[{"name":"wp","href":"https:\/\/api.w.org\/{rel}","templated":true}]}}