{"id":29616,"date":"2020-05-11T15:46:19","date_gmt":"2020-05-11T15:46:19","guid":{"rendered":"https:\/\/enipau.ro\/produs\/uncategorized\/sockelleiste-7\/"},"modified":"2020-05-11T15:46:19","modified_gmt":"2020-05-11T15:46:19","slug":"sockelleiste-7","status":"publish","type":"product","link":"https:\/\/enipau.ro\/ch\/produkt\/holzsockelleiste\/sockelleiste-7\/","title":{"rendered":"Sockelleiste 7"},"content":{"rendered":"<p>Ein immer h\u00e4ufigerer Trend ist die Verwendung von Sockelleisten als dekoratives Element am oberen Rand der W\u00e4nde, wo sie auf die Decke treffen. Enipau bietet Ihnen eine gro\u00dfe Auswahl an Sockelleistenprofilen, mit denen Sie Ihr Zuhause ganz nach Ihren W\u00fcnschen gestalten k\u00f6nnen.<\/p>\n","protected":false},"excerpt":{"rendered":"<p>Wir produzieren und verkaufen profilierte Sockelleisten aus Holz in verschiedenen Gr\u00f6\u00dfen. Die Sockelleiste ist ein Element, das normalerweise unten an den W\u00e4nden angebracht wird, um den Boden von der Wand zu trennen. <\/p>\n","protected":false},"featured_media":29617,"comment_status":"closed","ping_status":"closed","template":"","meta":{"_acf_changed":false},"product_brand":[],"product_cat":[2630],"product_tag":[],"class_list":{"0":"post-29616","1":"product","2":"type-product","3":"status-publish","4":"has-post-thumbnail","6":"product_cat-holzsockelleiste","8":"first","9":"instock","10":"taxable","11":"shipping-taxable","12":"purchasable","13":"product-type-simple"},"acf":[],"_links":{"self":[{"href":"https:\/\/enipau.ro\/ch\/wp-json\/wp\/v2\/product\/29616","targetHints":{"allow":["GET"]}}],"collection":[{"href":"https:\/\/enipau.ro\/ch\/wp-json\/wp\/v2\/product"}],"about":[{"href":"https:\/\/enipau.ro\/ch\/wp-json\/wp\/v2\/types\/product"}],"replies":[{"embeddable":true,"href":"https:\/\/enipau.ro\/ch\/wp-json\/wp\/v2\/comments?post=29616"}],"wp:featuredmedia":[{"embeddable":true,"href":"https:\/\/enipau.ro\/ch\/wp-json\/wp\/v2\/media\/29617"}],"wp:attachment":[{"href":"https:\/\/enipau.ro\/ch\/wp-json\/wp\/v2\/media?parent=29616"}],"wp:term":[{"taxonomy":"product_brand","embeddable":true,"href":"https:\/\/enipau.ro\/ch\/wp-json\/wp\/v2\/product_brand?post=29616"},{"taxonomy":"product_cat","embeddable":true,"href":"https:\/\/enipau.ro\/ch\/wp-json\/wp\/v2\/product_cat?post=29616"},{"taxonomy":"product_tag","embeddable":true,"href":"https:\/\/enipau.ro\/ch\/wp-json\/wp\/v2\/product_tag?post=29616"}],"curies":[{"name":"wp","href":"https:\/\/api.w.org\/{rel}","templated":true}]}}