{"id":29625,"date":"2020-05-11T15:42:33","date_gmt":"2020-05-11T15:42:33","guid":{"rendered":"https:\/\/enipau.ro\/produs\/uncategorized\/sockelleiste-6\/"},"modified":"2020-05-11T15:42:33","modified_gmt":"2020-05-11T15:42:33","slug":"sockelleiste-6","status":"publish","type":"product","link":"https:\/\/enipau.ro\/ch\/produkt\/holzsockelleiste\/sockelleiste-6\/","title":{"rendered":"Sockelleiste 6"},"content":{"rendered":"<p>Die Sockelleiste ist ein wichtiges Accessoire f\u00fcr Parkettb\u00f6den, Sockelleisten oder Decken &#8211; nach amerikanischem Vorbild. Sie erf\u00fcllt zwei wesentliche Funktionen: funktional und \u00e4sthetisch. Enipau bietet Ihnen eine gro\u00dfe Auswahl an Sockelleisten-Profilen, mit denen Sie Ihr Zuhause ganz nach Ihren W\u00fcnschen gestalten k\u00f6nnen.<\/p>\n","protected":false},"excerpt":{"rendered":"<p>Wir produzieren und verkaufen profilierte Sockelleisten aus Holz in verschiedenen Gr\u00f6\u00dfen. Die Sockelleiste ist ein Element, das normalerweise am unteren Ende der W\u00e4nde angebracht wird, um den Boden von der Wand zu trennen. Ein zunehmender Trend ist es, die Sockelleiste als dekoratives Element am oberen Ende der W\u00e4nde zu verwenden, wo sie auf die Decke trifft.  <\/p>\n","protected":false},"featured_media":29626,"comment_status":"closed","ping_status":"closed","template":"","meta":{"_acf_changed":false},"product_brand":[],"product_cat":[2630],"product_tag":[],"class_list":{"0":"post-29625","1":"product","2":"type-product","3":"status-publish","4":"has-post-thumbnail","6":"product_cat-holzsockelleiste","8":"first","9":"instock","10":"taxable","11":"shipping-taxable","12":"purchasable","13":"product-type-simple"},"acf":[],"_links":{"self":[{"href":"https:\/\/enipau.ro\/ch\/wp-json\/wp\/v2\/product\/29625","targetHints":{"allow":["GET"]}}],"collection":[{"href":"https:\/\/enipau.ro\/ch\/wp-json\/wp\/v2\/product"}],"about":[{"href":"https:\/\/enipau.ro\/ch\/wp-json\/wp\/v2\/types\/product"}],"replies":[{"embeddable":true,"href":"https:\/\/enipau.ro\/ch\/wp-json\/wp\/v2\/comments?post=29625"}],"wp:featuredmedia":[{"embeddable":true,"href":"https:\/\/enipau.ro\/ch\/wp-json\/wp\/v2\/media\/29626"}],"wp:attachment":[{"href":"https:\/\/enipau.ro\/ch\/wp-json\/wp\/v2\/media?parent=29625"}],"wp:term":[{"taxonomy":"product_brand","embeddable":true,"href":"https:\/\/enipau.ro\/ch\/wp-json\/wp\/v2\/product_brand?post=29625"},{"taxonomy":"product_cat","embeddable":true,"href":"https:\/\/enipau.ro\/ch\/wp-json\/wp\/v2\/product_cat?post=29625"},{"taxonomy":"product_tag","embeddable":true,"href":"https:\/\/enipau.ro\/ch\/wp-json\/wp\/v2\/product_tag?post=29625"}],"curies":[{"name":"wp","href":"https:\/\/api.w.org\/{rel}","templated":true}]}}