{"id":29631,"date":"2020-05-11T15:04:39","date_gmt":"2020-05-11T15:04:39","guid":{"rendered":"https:\/\/enipau.ro\/produs\/uncategorized\/zaunelement-3\/"},"modified":"2020-05-11T15:04:39","modified_gmt":"2020-05-11T15:04:39","slug":"zaunelement-3","status":"publish","type":"product","link":"https:\/\/enipau.ro\/ch\/produkt\/holzzaunelemente\/zaunelement-3\/","title":{"rendered":"Zaunelement 3"},"content":{"rendered":"<p>Das Holz, aus dem sie hergestellt sind, wurde zu einer hohen Qualit\u00e4t getrocknet. Sie k\u00f6nnen f\u00fcr Z\u00e4une oder Zierz\u00e4une verwendet werden.<\/p>\n","protected":false},"excerpt":{"rendered":"<p>Wir bieten Ihnen profilierte Zaunelemente in verschiedenen Gr\u00f6\u00dfen an, fertig zum Aufstellen und Streichen. Diese Art von Zaunelementen wird an der Zaunstrebe befestigt und hat eine abgerundete Spitze. Auf Kundenwunsch \u00fcbernimmt Enipau auch die Profilierung, die zus\u00e4tzliche Bearbeitung sowie die Behandlung oder den Anstrich der Zaunelemente. Das Holz wird antiseptisch behandelt, um Sch\u00e4dlinge zu vernichten, und die Verarbeitung garantiert einen Materialverbrauch, der den Schutz der Oberfl\u00e4che gew\u00e4hrleistet.   <\/p>\n","protected":false},"featured_media":29632,"comment_status":"closed","ping_status":"closed","template":"","meta":{"_acf_changed":false},"product_brand":[],"product_cat":[2625],"product_tag":[],"class_list":{"0":"post-29631","1":"product","2":"type-product","3":"status-publish","4":"has-post-thumbnail","6":"product_cat-holzzaunelemente","8":"first","9":"instock","10":"taxable","11":"shipping-taxable","12":"purchasable","13":"product-type-variable","14":"has-default-attributes"},"acf":[],"_links":{"self":[{"href":"https:\/\/enipau.ro\/ch\/wp-json\/wp\/v2\/product\/29631","targetHints":{"allow":["GET"]}}],"collection":[{"href":"https:\/\/enipau.ro\/ch\/wp-json\/wp\/v2\/product"}],"about":[{"href":"https:\/\/enipau.ro\/ch\/wp-json\/wp\/v2\/types\/product"}],"replies":[{"embeddable":true,"href":"https:\/\/enipau.ro\/ch\/wp-json\/wp\/v2\/comments?post=29631"}],"wp:featuredmedia":[{"embeddable":true,"href":"https:\/\/enipau.ro\/ch\/wp-json\/wp\/v2\/media\/29632"}],"wp:attachment":[{"href":"https:\/\/enipau.ro\/ch\/wp-json\/wp\/v2\/media?parent=29631"}],"wp:term":[{"taxonomy":"product_brand","embeddable":true,"href":"https:\/\/enipau.ro\/ch\/wp-json\/wp\/v2\/product_brand?post=29631"},{"taxonomy":"product_cat","embeddable":true,"href":"https:\/\/enipau.ro\/ch\/wp-json\/wp\/v2\/product_cat?post=29631"},{"taxonomy":"product_tag","embeddable":true,"href":"https:\/\/enipau.ro\/ch\/wp-json\/wp\/v2\/product_tag?post=29631"}],"curies":[{"name":"wp","href":"https:\/\/api.w.org\/{rel}","templated":true}]}}