{"id":29642,"date":"2020-05-11T15:00:34","date_gmt":"2020-05-11T15:00:34","guid":{"rendered":"https:\/\/enipau.ro\/produs\/uncategorized\/zaunelement-2\/"},"modified":"2020-05-11T15:00:34","modified_gmt":"2020-05-11T15:00:34","slug":"zaunelement-2","status":"publish","type":"product","link":"https:\/\/enipau.ro\/ch\/produkt\/holzzaunelemente\/zaunelement-2\/","title":{"rendered":"Zaunelement 2"},"content":{"rendered":"<p>Das Holz, aus dem sie hergestellt sind, wurde zu einer hohen Qualit\u00e4t getrocknet. Sie k\u00f6nnen f\u00fcr Z\u00e4une oder f\u00fcr Zierz\u00e4une verwendet werden. Das Holz ist antiseptisch behandelt, um Sch\u00e4dlinge zu vernichten, und die Verarbeitung garantiert einen Materialverbrauch, der die Oberfl\u00e4che sch\u00fctzt.<\/p>\n","protected":false},"excerpt":{"rendered":"<p>Wir bieten halbrunde Zaunelemente in verschiedenen Gr\u00f6\u00dfen an, fertig zum Verlegen und Streichen. Auf Wunsch des Kunden f\u00fchrt Enipau individuelle Profilierungen, zus\u00e4tzliche Veredelungen, wie z.B. die Behandlung oder Lackierung von Zaunelementen, durch. <\/p>\n","protected":false},"featured_media":29081,"comment_status":"closed","ping_status":"closed","template":"","meta":{"_acf_changed":false},"product_brand":[],"product_cat":[2625],"product_tag":[],"class_list":{"0":"post-29642","1":"product","2":"type-product","3":"status-publish","4":"has-post-thumbnail","6":"product_cat-holzzaunelemente","8":"first","9":"instock","10":"taxable","11":"shipping-taxable","12":"purchasable","13":"product-type-variable","14":"has-default-attributes"},"acf":[],"_links":{"self":[{"href":"https:\/\/enipau.ro\/ch\/wp-json\/wp\/v2\/product\/29642","targetHints":{"allow":["GET"]}}],"collection":[{"href":"https:\/\/enipau.ro\/ch\/wp-json\/wp\/v2\/product"}],"about":[{"href":"https:\/\/enipau.ro\/ch\/wp-json\/wp\/v2\/types\/product"}],"replies":[{"embeddable":true,"href":"https:\/\/enipau.ro\/ch\/wp-json\/wp\/v2\/comments?post=29642"}],"wp:featuredmedia":[{"embeddable":true,"href":"https:\/\/enipau.ro\/ch\/wp-json\/wp\/v2\/media\/29081"}],"wp:attachment":[{"href":"https:\/\/enipau.ro\/ch\/wp-json\/wp\/v2\/media?parent=29642"}],"wp:term":[{"taxonomy":"product_brand","embeddable":true,"href":"https:\/\/enipau.ro\/ch\/wp-json\/wp\/v2\/product_brand?post=29642"},{"taxonomy":"product_cat","embeddable":true,"href":"https:\/\/enipau.ro\/ch\/wp-json\/wp\/v2\/product_cat?post=29642"},{"taxonomy":"product_tag","embeddable":true,"href":"https:\/\/enipau.ro\/ch\/wp-json\/wp\/v2\/product_tag?post=29642"}],"curies":[{"name":"wp","href":"https:\/\/api.w.org\/{rel}","templated":true}]}}