{"id":29649,"date":"2020-05-11T14:56:22","date_gmt":"2020-05-11T14:56:22","guid":{"rendered":"https:\/\/enipau.ro\/produs\/uncategorized\/element-zaunelement-1\/"},"modified":"2020-05-11T14:56:22","modified_gmt":"2020-05-11T14:56:22","slug":"element-zaunelement-1","status":"publish","type":"product","link":"https:\/\/enipau.ro\/ch\/produkt\/holzzaunelemente\/element-zaunelement-1\/","title":{"rendered":"Element Zaunelement 1"},"content":{"rendered":"<h2>Zaunelement aus Massivholz f\u00fcr den Bau<\/h2>\n<p>Das Holz, aus dem sie hergestellt sind, wurde zu einer hohen Qualit\u00e4t getrocknet. Sie k\u00f6nnen f\u00fcr Z\u00e4une oder Zierz\u00e4une verwendet werden. Das Holz ist antiseptisch behandelt, um Sch\u00e4dlinge zu vernichten, und die Verarbeitung garantiert einen Materialverbrauch, der den Schutz der Oberfl\u00e4che gew\u00e4hrleistet.<\/p>\n","protected":false},"excerpt":{"rendered":"<p>Wir bieten profilierte Zaunelemente in verschiedenen Gr\u00f6\u00dfen an, fertig zum Verlegen und Streichen. Auf Kundenwunsch kann Enipau die Zaunelemente nach Ma\u00df profilieren, extra veredeln, behandeln oder streichen. Das Holz wird antiseptisch behandelt, um Sch\u00e4dlinge zu vernichten, und die Verarbeitung garantiert einen Materialverbrauch, der die Oberfl\u00e4che sch\u00fctzt.  <\/p>\n","protected":false},"featured_media":29650,"comment_status":"closed","ping_status":"closed","template":"","meta":{"_acf_changed":false},"product_brand":[],"product_cat":[2625],"product_tag":[],"class_list":{"0":"post-29649","1":"product","2":"type-product","3":"status-publish","4":"has-post-thumbnail","6":"product_cat-holzzaunelemente","8":"first","9":"instock","10":"taxable","11":"shipping-taxable","12":"purchasable","13":"product-type-variable","14":"has-default-attributes"},"acf":[],"_links":{"self":[{"href":"https:\/\/enipau.ro\/ch\/wp-json\/wp\/v2\/product\/29649","targetHints":{"allow":["GET"]}}],"collection":[{"href":"https:\/\/enipau.ro\/ch\/wp-json\/wp\/v2\/product"}],"about":[{"href":"https:\/\/enipau.ro\/ch\/wp-json\/wp\/v2\/types\/product"}],"replies":[{"embeddable":true,"href":"https:\/\/enipau.ro\/ch\/wp-json\/wp\/v2\/comments?post=29649"}],"wp:featuredmedia":[{"embeddable":true,"href":"https:\/\/enipau.ro\/ch\/wp-json\/wp\/v2\/media\/29650"}],"wp:attachment":[{"href":"https:\/\/enipau.ro\/ch\/wp-json\/wp\/v2\/media?parent=29649"}],"wp:term":[{"taxonomy":"product_brand","embeddable":true,"href":"https:\/\/enipau.ro\/ch\/wp-json\/wp\/v2\/product_brand?post=29649"},{"taxonomy":"product_cat","embeddable":true,"href":"https:\/\/enipau.ro\/ch\/wp-json\/wp\/v2\/product_cat?post=29649"},{"taxonomy":"product_tag","embeddable":true,"href":"https:\/\/enipau.ro\/ch\/wp-json\/wp\/v2\/product_tag?post=29649"}],"curies":[{"name":"wp","href":"https:\/\/api.w.org\/{rel}","templated":true}]}}