{"id":29668,"date":"2020-05-10T17:24:20","date_gmt":"2020-05-10T17:24:20","guid":{"rendered":"https:\/\/enipau.ro\/produs\/uncategorized\/getrocknete-eiche\/"},"modified":"2020-05-10T17:24:20","modified_gmt":"2020-05-10T17:24:20","slug":"getrocknete-eiche","status":"publish","type":"product","link":"https:\/\/enipau.ro\/ch\/produkt\/eichenholz\/getrocknete-eiche\/","title":{"rendered":"Getrocknete Eiche"},"content":{"rendered":"<p>Eiche ist ein hervorragender Rohstoff f\u00fcr die M\u00f6belherstellung, wo es aufgrund seiner nat\u00fcrlichen \u00e4sthetischen Qualit\u00e4ten und seiner Langlebigkeit am h\u00e4ufigsten verwendet wird. Es wird f\u00fcr Bootsstrukturen, Schreibtische und Fu\u00dfb\u00f6den, Treppen, Au\u00dfen- und Innentischlerarbeiten, Vert\u00e4felungen und Massivholz f\u00fcr Innenm\u00f6bel verwendet.<\/p>\n","protected":false},"excerpt":{"rendered":"<p>Enipau fertigt und vertreibt Trockenschr\u00e4nke aus Eiche in verschiedenen Gr\u00f6\u00dfen. Wir haben Schr\u00e4nke aus nicht temperiertem Eichenholz der Kategorie A und der Kategorie B. Es kann als Rohmaterial f\u00fcr T\u00fcren, Fenster, Schr\u00e4nke, Tische, St\u00fchle usw. verwendet werden. Es kann auch f\u00fcr die Verarbeitung verschiedener Holzgegenst\u00e4nde in Tischlereien verwendet werden.  <\/p>\n","protected":false},"featured_media":29669,"comment_status":"closed","ping_status":"closed","template":"","meta":{"_acf_changed":false},"product_brand":[],"product_cat":[2527,2892],"product_tag":[],"class_list":{"0":"post-29668","1":"product","2":"type-product","3":"status-publish","4":"has-post-thumbnail","6":"product_cat-eichenholz","7":"product_cat-getrocknetes-schnittholz","9":"first","10":"instock","11":"taxable","12":"shipping-taxable","13":"purchasable","14":"product-type-simple"},"acf":[],"_links":{"self":[{"href":"https:\/\/enipau.ro\/ch\/wp-json\/wp\/v2\/product\/29668","targetHints":{"allow":["GET"]}}],"collection":[{"href":"https:\/\/enipau.ro\/ch\/wp-json\/wp\/v2\/product"}],"about":[{"href":"https:\/\/enipau.ro\/ch\/wp-json\/wp\/v2\/types\/product"}],"replies":[{"embeddable":true,"href":"https:\/\/enipau.ro\/ch\/wp-json\/wp\/v2\/comments?post=29668"}],"wp:featuredmedia":[{"embeddable":true,"href":"https:\/\/enipau.ro\/ch\/wp-json\/wp\/v2\/media\/29669"}],"wp:attachment":[{"href":"https:\/\/enipau.ro\/ch\/wp-json\/wp\/v2\/media?parent=29668"}],"wp:term":[{"taxonomy":"product_brand","embeddable":true,"href":"https:\/\/enipau.ro\/ch\/wp-json\/wp\/v2\/product_brand?post=29668"},{"taxonomy":"product_cat","embeddable":true,"href":"https:\/\/enipau.ro\/ch\/wp-json\/wp\/v2\/product_cat?post=29668"},{"taxonomy":"product_tag","embeddable":true,"href":"https:\/\/enipau.ro\/ch\/wp-json\/wp\/v2\/product_tag?post=29668"}],"curies":[{"name":"wp","href":"https:\/\/api.w.org\/{rel}","templated":true}]}}