{"id":29671,"date":"2020-05-10T17:22:21","date_gmt":"2020-05-10T17:22:21","guid":{"rendered":"https:\/\/enipau.ro\/produs\/uncategorized\/getrocknete-eiche-landhausdiele\/"},"modified":"2020-05-10T17:22:21","modified_gmt":"2020-05-10T17:22:21","slug":"getrocknete-eiche-landhausdiele","status":"publish","type":"product","link":"https:\/\/enipau.ro\/ch\/produkt\/eichenholz\/getrocknete-eiche-landhausdiele\/","title":{"rendered":"Getrocknete Eiche Landhausdiele"},"content":{"rendered":"<p>Eiche ist ein hartes, graubraunes Holz, dessen Farbe jedoch je nach Wuchsgebiet und Temperatur variiert.<br \/>\nEs wird haupts\u00e4chlich f\u00fcr kleine Holzbauten, M\u00f6bel, Tischlerarbeiten, T\u00fcren, Fenster usw. verwendet.<\/p>\n","protected":false},"excerpt":{"rendered":"<p>Trockene, unlackierte Eichendielen in verschiedenen Gr\u00f6\u00dfen. Eiche ist ein helles Hartholz, das trotz seiner Best\u00e4ndigkeit gut biegsam ist. Es l\u00e4sst sich leicht impr\u00e4gnieren, gut beizen und lackieren und ist resistent gegen Feuchtigkeitsaufnahme.  <\/p>\n","protected":false},"featured_media":29672,"comment_status":"closed","ping_status":"closed","template":"","meta":{"_acf_changed":false},"product_brand":[],"product_cat":[2527,2892],"product_tag":[],"class_list":{"0":"post-29671","1":"product","2":"type-product","3":"status-publish","4":"has-post-thumbnail","6":"product_cat-eichenholz","7":"product_cat-getrocknetes-schnittholz","9":"first","10":"instock","11":"taxable","12":"shipping-taxable","13":"purchasable","14":"product-type-simple"},"acf":[],"_links":{"self":[{"href":"https:\/\/enipau.ro\/ch\/wp-json\/wp\/v2\/product\/29671","targetHints":{"allow":["GET"]}}],"collection":[{"href":"https:\/\/enipau.ro\/ch\/wp-json\/wp\/v2\/product"}],"about":[{"href":"https:\/\/enipau.ro\/ch\/wp-json\/wp\/v2\/types\/product"}],"replies":[{"embeddable":true,"href":"https:\/\/enipau.ro\/ch\/wp-json\/wp\/v2\/comments?post=29671"}],"wp:featuredmedia":[{"embeddable":true,"href":"https:\/\/enipau.ro\/ch\/wp-json\/wp\/v2\/media\/29672"}],"wp:attachment":[{"href":"https:\/\/enipau.ro\/ch\/wp-json\/wp\/v2\/media?parent=29671"}],"wp:term":[{"taxonomy":"product_brand","embeddable":true,"href":"https:\/\/enipau.ro\/ch\/wp-json\/wp\/v2\/product_brand?post=29671"},{"taxonomy":"product_cat","embeddable":true,"href":"https:\/\/enipau.ro\/ch\/wp-json\/wp\/v2\/product_cat?post=29671"},{"taxonomy":"product_tag","embeddable":true,"href":"https:\/\/enipau.ro\/ch\/wp-json\/wp\/v2\/product_tag?post=29671"}],"curies":[{"name":"wp","href":"https:\/\/api.w.org\/{rel}","templated":true}]}}