{"id":29674,"date":"2020-05-10T10:26:08","date_gmt":"2020-05-10T10:26:08","guid":{"rendered":"https:\/\/enipau.ro\/produs\/uncategorized\/getrocknete-buche\/"},"modified":"2020-05-10T10:26:08","modified_gmt":"2020-05-10T10:26:08","slug":"getrocknete-buche","status":"publish","type":"product","link":"https:\/\/enipau.ro\/ch\/produkt\/getrocknetes-schnittholz\/getrocknete-buche\/","title":{"rendered":"Getrocknete Buche"},"content":{"rendered":"<p>Buche l\u00e4sst sich gut hobeln, drechseln und bearbeiten. Es l\u00e4sst sich gut verleimen, streichen oder lackieren. Es wird f\u00fcr hochfeste Elemente in tempor\u00e4ren Bauten, S\u00e4ulen und St\u00fctzen, Furnier, in der M\u00f6belindustrie, insbesondere f\u00fcr gebogene Elemente verwendet. Es kann auch f\u00fcr die Verarbeitung verschiedener Holzgegenst\u00e4nde in Schreinereien verwendet werden.<\/p>\n","protected":false},"excerpt":{"rendered":"<p>Enipau fertigt und verkauft getrocknete, unlackierte Buchenholzschr\u00e4nke in verschiedenen Gr\u00f6\u00dfen. Das Holz, aus dem die Schr\u00e4nke gefertigt sind, wurde in der Trockenkammer getrocknet. Wir haben unlackierte Schr\u00e4nke der Kategorie A und der Kategorie B.  <\/p>\n","protected":false},"featured_media":29675,"comment_status":"closed","ping_status":"closed","template":"","meta":{"_acf_changed":false},"product_brand":[],"product_cat":[2892],"product_tag":[],"class_list":{"0":"post-29674","1":"product","2":"type-product","3":"status-publish","4":"has-post-thumbnail","6":"product_cat-getrocknetes-schnittholz","8":"first","9":"instock","10":"taxable","11":"shipping-taxable","12":"purchasable","13":"product-type-simple"},"acf":[],"_links":{"self":[{"href":"https:\/\/enipau.ro\/ch\/wp-json\/wp\/v2\/product\/29674","targetHints":{"allow":["GET"]}}],"collection":[{"href":"https:\/\/enipau.ro\/ch\/wp-json\/wp\/v2\/product"}],"about":[{"href":"https:\/\/enipau.ro\/ch\/wp-json\/wp\/v2\/types\/product"}],"replies":[{"embeddable":true,"href":"https:\/\/enipau.ro\/ch\/wp-json\/wp\/v2\/comments?post=29674"}],"wp:featuredmedia":[{"embeddable":true,"href":"https:\/\/enipau.ro\/ch\/wp-json\/wp\/v2\/media\/29675"}],"wp:attachment":[{"href":"https:\/\/enipau.ro\/ch\/wp-json\/wp\/v2\/media?parent=29674"}],"wp:term":[{"taxonomy":"product_brand","embeddable":true,"href":"https:\/\/enipau.ro\/ch\/wp-json\/wp\/v2\/product_brand?post=29674"},{"taxonomy":"product_cat","embeddable":true,"href":"https:\/\/enipau.ro\/ch\/wp-json\/wp\/v2\/product_cat?post=29674"},{"taxonomy":"product_tag","embeddable":true,"href":"https:\/\/enipau.ro\/ch\/wp-json\/wp\/v2\/product_tag?post=29674"}],"curies":[{"name":"wp","href":"https:\/\/api.w.org\/{rel}","templated":true}]}}