{"id":29680,"date":"2020-05-10T10:08:46","date_gmt":"2020-05-10T10:08:46","guid":{"rendered":"https:\/\/enipau.ro\/produs\/uncategorized\/getrocknete-nadelholz-bohle\/"},"modified":"2020-05-10T10:08:46","modified_gmt":"2020-05-10T10:08:46","slug":"getrocknete-nadelholz-bohle","status":"publish","type":"product","link":"https:\/\/enipau.ro\/ch\/produkt\/fichtenholz\/getrocknete-nadelholz-bohle\/","title":{"rendered":"Getrocknete Nadelholz-Bohle"},"content":{"rendered":"<p>Enipau produziert und vertreibt geharzte und getrocknete Dielen in verschiedenen Gr\u00f6\u00dfen. Das Holz, aus dem die Dielen hergestellt werden, wurde in der Trockenkammer getrocknet. Wir haben Dielen der Kategorie A und der Kategorie B. Die Bohlen sind parallel bes\u00e4umt. Es wird als Rohstoff f\u00fcr die Herstellung von T\u00fcren, Fenstern, Schr\u00e4nken, Tischen, St\u00fchlen usw. verwendet. Es kann auch f\u00fcr die Verarbeitung verschiedener Holzgegenst\u00e4nde in Schreinereien verwendet werden.<\/p>\n","protected":false},"excerpt":{"rendered":"<p>Eine getrocknete Nadelholz-Bohle f\u00fcr den Bau, die sich gut verarbeiten l\u00e4sst und beim Bau von Treppen oder M\u00f6beln m\u00e4\u00dfig widerstandsf\u00e4hig ist.<\/p>\n","protected":false},"featured_media":29681,"comment_status":"closed","ping_status":"closed","template":"","meta":{"_acf_changed":false},"product_brand":[],"product_cat":[2530,2892],"product_tag":[],"class_list":{"0":"post-29680","1":"product","2":"type-product","3":"status-publish","4":"has-post-thumbnail","6":"product_cat-fichtenholz","7":"product_cat-getrocknetes-schnittholz","9":"first","10":"instock","11":"taxable","12":"shipping-taxable","13":"purchasable","14":"product-type-variable"},"acf":[],"_links":{"self":[{"href":"https:\/\/enipau.ro\/ch\/wp-json\/wp\/v2\/product\/29680","targetHints":{"allow":["GET"]}}],"collection":[{"href":"https:\/\/enipau.ro\/ch\/wp-json\/wp\/v2\/product"}],"about":[{"href":"https:\/\/enipau.ro\/ch\/wp-json\/wp\/v2\/types\/product"}],"replies":[{"embeddable":true,"href":"https:\/\/enipau.ro\/ch\/wp-json\/wp\/v2\/comments?post=29680"}],"wp:featuredmedia":[{"embeddable":true,"href":"https:\/\/enipau.ro\/ch\/wp-json\/wp\/v2\/media\/29681"}],"wp:attachment":[{"href":"https:\/\/enipau.ro\/ch\/wp-json\/wp\/v2\/media?parent=29680"}],"wp:term":[{"taxonomy":"product_brand","embeddable":true,"href":"https:\/\/enipau.ro\/ch\/wp-json\/wp\/v2\/product_brand?post=29680"},{"taxonomy":"product_cat","embeddable":true,"href":"https:\/\/enipau.ro\/ch\/wp-json\/wp\/v2\/product_cat?post=29680"},{"taxonomy":"product_tag","embeddable":true,"href":"https:\/\/enipau.ro\/ch\/wp-json\/wp\/v2\/product_tag?post=29680"}],"curies":[{"name":"wp","href":"https:\/\/api.w.org\/{rel}","templated":true}]}}