{"id":29686,"date":"2020-04-26T10:40:30","date_gmt":"2020-04-26T10:40:30","guid":{"rendered":"https:\/\/enipau.ro\/produs\/uncategorized\/deck-boden\/"},"modified":"2020-04-26T10:40:30","modified_gmt":"2020-04-26T10:40:30","slug":"deck-boden","status":"publish","type":"product","link":"https:\/\/enipau.ro\/ch\/produkt\/terrassendielen\/deck-boden\/","title":{"rendered":"DECK Boden"},"content":{"rendered":"<p>Wir produzieren und vermarkten fertige Massivholzb\u00f6den (DECK) in verschiedenen Gr\u00f6\u00dfen. Es wird mit speziellen \u00d6len behandelt und ist verlegefertig. Auf Wunsch kann er in verschiedenen Farbt\u00f6nen eingef\u00e4rbt werden. Diese Art von DECK-Bodenbelag ist ideal f\u00fcr Terrassen und Pavillons, Schwimmbadb\u00f6den und andere Anwendungen im Freien.   <\/p>\n<p>Die Farbe wird nach den W\u00fcnschen des Kunden ausgew\u00e4hlt, der Boden wird in speziellen Trocknern w\u00e4rmebehandelt und mit einem speziellen \u00d6l namens Tikkurila impr\u00e4gniert.<\/p>\n<p>Vorteile von DECK-B\u00f6den:<\/p>\n<ul>\n<li>H\u00e4lt eine konstante Temperatur<\/li>\n<li>Winter isoliert und h\u00e4lt die F\u00fc\u00dfe warm<\/li>\n<li>Es wird im Sommer nicht hei\u00df, so dass es kein unangenehmes Gef\u00fchl erzeugt<\/li>\n<\/ul>\n","protected":false},"excerpt":{"rendered":"<p>Bei der Verwendung von Nadelholz-Dielen, die f\u00fcr den Au\u00dfenbereich behandelt wurden, wollen wir, dass die Dauerhaftigkeit der Hauptvorteil bei der Wahl von Nadelholz-Dielen ist. Er zeichnet sich durch eine lange Lebensdauer und Haltbarkeit, Witterungsbest\u00e4ndigkeit und hohe Klebkraft aus, quillt und verzieht sich nicht, hat aber eine angenehme Textur. Es kann nach Ma\u00df gefertigt und um Swimmingpools, Pavillons oder andere Au\u00dfenanwendungen herum verwendet werden. Das Holz ist antiseptisch behandelt, um Sch\u00e4dlinge zu vernichten, und die Verarbeitung garantiert einen Materialverbrauch, der die Oberfl\u00e4che sch\u00fctzt.   <\/p>\n","protected":false},"featured_media":29687,"comment_status":"closed","ping_status":"closed","template":"","meta":{"_acf_changed":false},"product_brand":[],"product_cat":[2530,2600,2515],"product_tag":[],"class_list":{"0":"post-29686","1":"product","2":"type-product","3":"status-publish","4":"has-post-thumbnail","6":"product_cat-fichtenholz","7":"product_cat-holzterrassen-balkone","8":"product_cat-terrassendielen","10":"first","11":"instock","12":"taxable","13":"shipping-taxable","14":"purchasable","15":"product-type-variable"},"acf":[],"_links":{"self":[{"href":"https:\/\/enipau.ro\/ch\/wp-json\/wp\/v2\/product\/29686","targetHints":{"allow":["GET"]}}],"collection":[{"href":"https:\/\/enipau.ro\/ch\/wp-json\/wp\/v2\/product"}],"about":[{"href":"https:\/\/enipau.ro\/ch\/wp-json\/wp\/v2\/types\/product"}],"replies":[{"embeddable":true,"href":"https:\/\/enipau.ro\/ch\/wp-json\/wp\/v2\/comments?post=29686"}],"wp:featuredmedia":[{"embeddable":true,"href":"https:\/\/enipau.ro\/ch\/wp-json\/wp\/v2\/media\/29687"}],"wp:attachment":[{"href":"https:\/\/enipau.ro\/ch\/wp-json\/wp\/v2\/media?parent=29686"}],"wp:term":[{"taxonomy":"product_brand","embeddable":true,"href":"https:\/\/enipau.ro\/ch\/wp-json\/wp\/v2\/product_brand?post=29686"},{"taxonomy":"product_cat","embeddable":true,"href":"https:\/\/enipau.ro\/ch\/wp-json\/wp\/v2\/product_cat?post=29686"},{"taxonomy":"product_tag","embeddable":true,"href":"https:\/\/enipau.ro\/ch\/wp-json\/wp\/v2\/product_tag?post=29686"}],"curies":[{"name":"wp","href":"https:\/\/api.w.org\/{rel}","templated":true}]}}