{"id":29722,"date":"2020-04-26T09:57:00","date_gmt":"2020-04-26T09:57:00","guid":{"rendered":"https:\/\/enipau.ro\/produs\/uncategorized\/semirotunde-holzvertaefelung\/"},"modified":"2025-03-21T16:58:22","modified_gmt":"2025-03-21T16:58:22","slug":"semirotunde-holzvertaefelung","status":"publish","type":"product","link":"https:\/\/enipau.ro\/ch\/produkt\/holzverkleidung-aussenbereich\/semirotunde-holzvertaefelung\/","title":{"rendered":"Semirotunde Holzvert\u00e4felung"},"content":{"rendered":"<p>Sie ist f\u00fcr die horizontale und vertikale Verkleidung von Bauelementen, f\u00fcr Terrassen, Pavillons sowie f\u00fcr die Realisierung von W\u00e4nden in Holzh\u00fctten bestimmt. Dank ihres halbrunden Profils verleiht die Holzvert\u00e4felung den Geb\u00e4uden ein rustikales Aussehen. Neben einer modernen \u00c4sthetik isolieren sie thermisch und schalld\u00e4mmend, haben eine lange Lebensdauer und m\u00fcssen bei einer Reparatur oder einem Austausch nicht von Grund auf neu gebaut werden. Sie werden unter optimalen Bedingungen getrocknet, gehobelt und auf Wunsch mit einem Anstrich aus Wachs und zwei Anstrichen aus dem Millesi-Sortiment behandelt, die nicht im Preis enthalten sind. Auf Wunsch kann die Holzvert\u00e4felung mit Lack in verschiedenen Farbt\u00f6nen behandelt und gef\u00e4rbt werden.<\/p>\n","protected":false},"excerpt":{"rendered":"<p>Wir bieten Holzvert\u00e4felungen aus Nadelholz mit halbrundem Profil in verschiedenen Gr\u00f6\u00dfen an. Die Holzvert\u00e4felung hat Nuss- und Federverbindungen an den Seiten. Wir haben trockene, fertige Holzvert\u00e4felungen der G\u00fcteklasse A, die frei von abgefallenen \u00c4sten sind. Das Holz ist antiseptisch behandelt, um Sch\u00e4dlinge zu vernichten, und die Verarbeitung garantiert einen Materialverbrauch, der den Oberfl\u00e4chenschutz gew\u00e4hrleistet.   <\/p>\n","protected":false},"featured_media":29723,"comment_status":"closed","ping_status":"closed","template":"","meta":{"_acf_changed":false},"product_brand":[],"product_cat":[2520,2620],"product_tag":[],"class_list":{"0":"post-29722","1":"product","2":"type-product","3":"status-publish","4":"has-post-thumbnail","6":"product_cat-holzverkleidung-aussenbereich","7":"product_cat-naturholzverkleidung","9":"first","10":"instock","11":"taxable","12":"shipping-taxable","13":"purchasable","14":"product-type-variable"},"acf":[],"_links":{"self":[{"href":"https:\/\/enipau.ro\/ch\/wp-json\/wp\/v2\/product\/29722","targetHints":{"allow":["GET"]}}],"collection":[{"href":"https:\/\/enipau.ro\/ch\/wp-json\/wp\/v2\/product"}],"about":[{"href":"https:\/\/enipau.ro\/ch\/wp-json\/wp\/v2\/types\/product"}],"replies":[{"embeddable":true,"href":"https:\/\/enipau.ro\/ch\/wp-json\/wp\/v2\/comments?post=29722"}],"wp:featuredmedia":[{"embeddable":true,"href":"https:\/\/enipau.ro\/ch\/wp-json\/wp\/v2\/media\/29723"}],"wp:attachment":[{"href":"https:\/\/enipau.ro\/ch\/wp-json\/wp\/v2\/media?parent=29722"}],"wp:term":[{"taxonomy":"product_brand","embeddable":true,"href":"https:\/\/enipau.ro\/ch\/wp-json\/wp\/v2\/product_brand?post=29722"},{"taxonomy":"product_cat","embeddable":true,"href":"https:\/\/enipau.ro\/ch\/wp-json\/wp\/v2\/product_cat?post=29722"},{"taxonomy":"product_tag","embeddable":true,"href":"https:\/\/enipau.ro\/ch\/wp-json\/wp\/v2\/product_tag?post=29722"}],"curies":[{"name":"wp","href":"https:\/\/api.w.org\/{rel}","templated":true}]}}