{"id":29734,"date":"2020-04-26T09:32:03","date_gmt":"2020-04-26T09:32:03","guid":{"rendered":"https:\/\/enipau.ro\/produs\/uncategorized\/holzvertaefelung-natur\/"},"modified":"2025-03-21T16:58:23","modified_gmt":"2025-03-21T16:58:23","slug":"holzvertaefelung-natur","status":"publish","type":"product","link":"https:\/\/enipau.ro\/ch\/produkt\/holzverkleidung-aussenbereich\/holzvertaefelung-natur\/","title":{"rendered":"Holzvert\u00e4felung Natur"},"content":{"rendered":"<p>Die Holzvert\u00e4felung kann f\u00fcr horizontale und vertikale Verkleidungen von Bauelementen, f\u00fcr Traufenverkleidungen, f\u00fcr Terrassen, Pavillons sowie f\u00fcr die W\u00e4nde von Holzh\u00fctten verwendet werden.<\/p>\n<p>Holz hat viele \u00e4sthetische und praktische Vorteile. Die Holzvert\u00e4felung kann nach Ihren W\u00fcnschen eingef\u00e4rbt werden, sie kann horizontal oder vertikal verwendet werden, aber sie hat auch praktische Vorteile wie erh\u00f6hten W\u00e4rmekomfort und Haltbarkeit. Sie werden unter optimalen Bedingungen getrocknet, gehobelt und auf Wunsch mit einem Anstrich aus Wachs und zwei Anstrichen aus Millesi-Lack behandelt, die nicht im Preis enthalten sind.<\/p>\n","protected":false},"excerpt":{"rendered":"<p>Wir bieten 18, 20 und 40 mm starke Holzvert\u00e4felungen aus nat\u00fcrlichem Nadelholz mit Nuss- und Federverbindungen an den Seiten an. Wir haben trockene, fertige Holzvert\u00e4felungen der G\u00fcteklasse A, die frei von \u00c4sten sind. Sie sind optimal getrocknet, gehobelt und gefr\u00e4st, fertig zum Verlegen und Streichen. Das Holz wird antiseptisch behandelt, um Sch\u00e4dlinge zu vernichten, und die Verarbeitung garantiert einen Materialverbrauch, der den Schutz der Oberfl\u00e4che gew\u00e4hrleistet.   <\/p>\n","protected":false},"featured_media":29735,"comment_status":"closed","ping_status":"closed","template":"","meta":{"_acf_changed":false},"product_brand":[],"product_cat":[2520,2620],"product_tag":[],"class_list":{"0":"post-29734","1":"product","2":"type-product","3":"status-publish","4":"has-post-thumbnail","6":"product_cat-holzverkleidung-aussenbereich","7":"product_cat-naturholzverkleidung","9":"first","10":"instock","11":"taxable","12":"shipping-taxable","13":"purchasable","14":"product-type-variable"},"acf":[],"_links":{"self":[{"href":"https:\/\/enipau.ro\/ch\/wp-json\/wp\/v2\/product\/29734","targetHints":{"allow":["GET"]}}],"collection":[{"href":"https:\/\/enipau.ro\/ch\/wp-json\/wp\/v2\/product"}],"about":[{"href":"https:\/\/enipau.ro\/ch\/wp-json\/wp\/v2\/types\/product"}],"replies":[{"embeddable":true,"href":"https:\/\/enipau.ro\/ch\/wp-json\/wp\/v2\/comments?post=29734"}],"wp:featuredmedia":[{"embeddable":true,"href":"https:\/\/enipau.ro\/ch\/wp-json\/wp\/v2\/media\/29735"}],"wp:attachment":[{"href":"https:\/\/enipau.ro\/ch\/wp-json\/wp\/v2\/media?parent=29734"}],"wp:term":[{"taxonomy":"product_brand","embeddable":true,"href":"https:\/\/enipau.ro\/ch\/wp-json\/wp\/v2\/product_brand?post=29734"},{"taxonomy":"product_cat","embeddable":true,"href":"https:\/\/enipau.ro\/ch\/wp-json\/wp\/v2\/product_cat?post=29734"},{"taxonomy":"product_tag","embeddable":true,"href":"https:\/\/enipau.ro\/ch\/wp-json\/wp\/v2\/product_tag?post=29734"}],"curies":[{"name":"wp","href":"https:\/\/api.w.org\/{rel}","templated":true}]}}