{"id":29766,"date":"2020-04-26T09:08:07","date_gmt":"2020-04-26T09:08:07","guid":{"rendered":"https:\/\/enipau.ro\/produs\/uncategorized\/gehobelte-getrocknete-leisten-nadelholz-klasse-a\/"},"modified":"2025-03-21T16:58:25","modified_gmt":"2025-03-21T16:58:25","slug":"gehobelte-getrocknete-leisten-nadelholz-klasse-a","status":"publish","type":"product","link":"https:\/\/enipau.ro\/ch\/produkt\/fichtenholz\/gehobelte-getrocknete-leisten-nadelholz-klasse-a\/","title":{"rendered":"Gehobelte, getrocknete Leisten, Nadelholz, Klasse A"},"content":{"rendered":"<p>Die einfache geradlinige Luke ist aus Nadelholz gefertigt. Mit Zierprofilen f\u00fcr Abschlusskanten oder T\u00fcr- oder Fensterrahmen k\u00f6nnen sie nach Belieben bearbeitet werden. Das Holz ist antiseptisch behandelt, um Sch\u00e4dlinge zu vernichten, und der Verarbeitungsprozess garantiert einen Materialverbrauch, der die Oberfl\u00e4che sch\u00fctzt.<\/p>\n","protected":false},"excerpt":{"rendered":"<p>Wir bieten gehobeltes und getrocknetes Holz in verschiedenen Gr\u00f6\u00dfen an. Je nach den W\u00fcnschen des Kunden kann Enipau eine zus\u00e4tzliche Oberfl\u00e4che auf die Grundoberfl\u00e4che auftragen. Sipca wird bei Tischler- und Schreinerarbeiten sowie als dekoratives Element f\u00fcr Pavillons, Terrassen und Pergolen verwendet. Wir impr\u00e4gnieren und behandeln das Holz in der gew\u00fcnschten Farbe und liefern es gebrauchsfertig f\u00fcr Ihre Konstruktion.   <\/p>\n","protected":false},"featured_media":29769,"comment_status":"closed","ping_status":"closed","template":"","meta":{"_acf_changed":false},"product_brand":[],"product_cat":[2530,2786,2618,2600],"product_tag":[],"class_list":{"0":"post-29766","1":"product","2":"type-product","3":"status-publish","4":"has-post-thumbnail","6":"product_cat-fichtenholz","7":"product_cat-gehobeltes-holz","8":"product_cat-holzbalken-pfosten","9":"product_cat-holzterrassen-balkone","11":"first","12":"instock","13":"taxable","14":"shipping-taxable","15":"purchasable","16":"product-type-variable","17":"has-default-attributes"},"acf":[],"_links":{"self":[{"href":"https:\/\/enipau.ro\/ch\/wp-json\/wp\/v2\/product\/29766","targetHints":{"allow":["GET"]}}],"collection":[{"href":"https:\/\/enipau.ro\/ch\/wp-json\/wp\/v2\/product"}],"about":[{"href":"https:\/\/enipau.ro\/ch\/wp-json\/wp\/v2\/types\/product"}],"replies":[{"embeddable":true,"href":"https:\/\/enipau.ro\/ch\/wp-json\/wp\/v2\/comments?post=29766"}],"wp:featuredmedia":[{"embeddable":true,"href":"https:\/\/enipau.ro\/ch\/wp-json\/wp\/v2\/media\/29769"}],"wp:attachment":[{"href":"https:\/\/enipau.ro\/ch\/wp-json\/wp\/v2\/media?parent=29766"}],"wp:term":[{"taxonomy":"product_brand","embeddable":true,"href":"https:\/\/enipau.ro\/ch\/wp-json\/wp\/v2\/product_brand?post=29766"},{"taxonomy":"product_cat","embeddable":true,"href":"https:\/\/enipau.ro\/ch\/wp-json\/wp\/v2\/product_cat?post=29766"},{"taxonomy":"product_tag","embeddable":true,"href":"https:\/\/enipau.ro\/ch\/wp-json\/wp\/v2\/product_tag?post=29766"}],"curies":[{"name":"wp","href":"https:\/\/api.w.org\/{rel}","templated":true}]}}