{"id":29781,"date":"2020-04-25T15:01:50","date_gmt":"2020-04-25T15:01:50","guid":{"rendered":"https:\/\/enipau.ro\/produs\/uncategorized\/gehobeltes-getrocknetes-holzbrett-fuer-dachabschluesse-harzig-klasse-a\/"},"modified":"2025-12-11T18:48:57","modified_gmt":"2025-12-11T18:48:57","slug":"gehobeltes-getrocknetes-holzbrett-fuer-dachabschluesse-harzig-klasse-a","status":"publish","type":"product","link":"https:\/\/enipau.ro\/ch\/produkt\/fichtenholz\/gehobeltes-getrocknetes-holzbrett-fuer-dachabschluesse-harzig-klasse-a\/","title":{"rendered":"Gehobeltes, getrocknetes Holzbrett f\u00fcr Dachabschl\u00fcsse, harzig, Klasse A"},"content":{"rendered":"<p>Wir empfehlen Holzschutzvorrichtungen f\u00fcr den Randabschluss von D\u00e4chern, die f\u00fcr zus\u00e4tzlichen Schutz gegen \u00e4u\u00dfere Einfl\u00fcsse lackiert oder gewachst wurden. Dabei handelt es sich um ein Brett, das vertikal am \u00e4u\u00dferen Ende der Dachsparren verlegt wird, um diese vor Blicken zu verbergen. Je nach den Anforderungen des Kunden stellt Enipau eine zus\u00e4tzliche Behandlung \u00fcber die Grundbehandlung hinaus her. Wir impr\u00e4gnieren und behandeln das Holz mit der gew\u00fcnschten Farbe und liefern es gebrauchsfertig f\u00fcr Ihre Konstruktion.<\/p>\n","protected":false},"excerpt":{"rendered":"<p>Wir fertigen und verkaufen Gehobeltes, getrocknetes Holzbrett f\u00fcr Dachabschl\u00fcsse in verschiedenen Gr\u00f6\u00dfen. Der Sparren ist ein Brett, das vertikal am \u00e4u\u00dferen Ende der Sparren eines Daches angebracht wird, um diese vor Blicken zu verbergen. Er ist fertig bearbeitet und mit zwei profilierten Kanten versehen. Das Holz ist antiseptisch behandelt, um Sch\u00e4dlinge zu vernichten, und die Verarbeitung garantiert einen Materialverbrauch, der die Oberfl\u00e4che sch\u00fctzt.<\/p>\n","protected":false},"featured_media":29782,"comment_status":"closed","ping_status":"closed","template":"","meta":{"_acf_changed":false},"product_brand":[],"product_cat":[2530,2786,2618,2600],"product_tag":[],"class_list":{"0":"post-29781","1":"product","2":"type-product","3":"status-publish","4":"has-post-thumbnail","6":"product_cat-fichtenholz","7":"product_cat-gehobeltes-holz","8":"product_cat-holzbalken-pfosten","9":"product_cat-holzterrassen-balkone","11":"first","12":"instock","13":"taxable","14":"shipping-taxable","15":"purchasable","16":"product-type-variable"},"acf":[],"_links":{"self":[{"href":"https:\/\/enipau.ro\/ch\/wp-json\/wp\/v2\/product\/29781","targetHints":{"allow":["GET"]}}],"collection":[{"href":"https:\/\/enipau.ro\/ch\/wp-json\/wp\/v2\/product"}],"about":[{"href":"https:\/\/enipau.ro\/ch\/wp-json\/wp\/v2\/types\/product"}],"replies":[{"embeddable":true,"href":"https:\/\/enipau.ro\/ch\/wp-json\/wp\/v2\/comments?post=29781"}],"wp:featuredmedia":[{"embeddable":true,"href":"https:\/\/enipau.ro\/ch\/wp-json\/wp\/v2\/media\/29782"}],"wp:attachment":[{"href":"https:\/\/enipau.ro\/ch\/wp-json\/wp\/v2\/media?parent=29781"}],"wp:term":[{"taxonomy":"product_brand","embeddable":true,"href":"https:\/\/enipau.ro\/ch\/wp-json\/wp\/v2\/product_brand?post=29781"},{"taxonomy":"product_cat","embeddable":true,"href":"https:\/\/enipau.ro\/ch\/wp-json\/wp\/v2\/product_cat?post=29781"},{"taxonomy":"product_tag","embeddable":true,"href":"https:\/\/enipau.ro\/ch\/wp-json\/wp\/v2\/product_tag?post=29781"}],"curies":[{"name":"wp","href":"https:\/\/api.w.org\/{rel}","templated":true}]}}