{"id":29820,"date":"2020-04-25T13:16:01","date_gmt":"2020-04-25T13:16:01","guid":{"rendered":"https:\/\/enipau.ro\/produs\/uncategorized\/gehobeltes-getrocknetes-schnittholz-nadelholz-klasse-a\/"},"modified":"2025-12-11T18:44:33","modified_gmt":"2025-12-11T18:44:33","slug":"gehobeltes-getrocknetes-schnittholz-nadelholz-klasse-a","status":"publish","type":"product","link":"https:\/\/enipau.ro\/ch\/produkt\/fichtenholz\/gehobeltes-getrocknetes-schnittholz-nadelholz-klasse-a\/","title":{"rendered":"Gehobeltes, getrocknetes Schnittholz, Nadelholz, Klasse A"},"content":{"rendered":"<p>Das Holz wird in der Trockenkammer getrocknet und anschlie\u00dfend auf vier Seiten gehobelt. Um es f\u00fcr den Innenausbau verwenden zu k\u00f6nnen, sind bestimmte Behandlungen erforderlich, wie z.B. Lackieren, Streichen und Wachsen, die bei der Verwendung im Freien nicht so anspruchsvoll sind. Es kann \u00fcber einen langen Zeitraum gelagert werden und das Enipau-Team bietet je nach Kundenwunsch zus\u00e4tzliche Behandlungen \u00fcber die Grundbehandlung hinaus an. Es kann f\u00fcr den Bau von Z\u00e4unen verwendet werden, aber auch als dekorative Elemente f\u00fcr Pavillons, Terrassen oder Pergolen. Wir impr\u00e4gnieren und behandeln das Holz mit der gew\u00fcnschten Farbe und liefern es gebrauchsfertig f\u00fcr Ihre Konstruktion.<br \/>\nWir beliefern Schreinereien mit atypischen Ma\u00dfen und Hobeln auf Anfrage f\u00fcr Kunden.<\/p>\n","protected":false},"excerpt":{"rendered":"<p>Wir liefern hochwertiges Gehobeltes, getrocknetes Schnittholz. Es eignet sich f\u00fcr den Innen- und Au\u00dfenbereich und ist fertig zum Streichen. Je nach Kundenwunsch k\u00f6nnen wir \u00fcber die Grundlackierung hinaus eine zus\u00e4tzliche Lackierung realisieren. Das Holz ist antiseptisch behandelt, um Sch\u00e4dlinge zu vernichten, und die Verarbeitung garantiert einen Materialverbrauch, der den Oberfl\u00e4chenschutz gew\u00e4hrleistet.<\/p>\n","protected":false},"featured_media":29821,"comment_status":"closed","ping_status":"closed","template":"","meta":{"_acf_changed":false},"product_brand":[],"product_cat":[2530,2786,2618,2600],"product_tag":[],"class_list":{"0":"post-29820","1":"product","2":"type-product","3":"status-publish","4":"has-post-thumbnail","6":"product_cat-fichtenholz","7":"product_cat-gehobeltes-holz","8":"product_cat-holzbalken-pfosten","9":"product_cat-holzterrassen-balkone","11":"first","12":"instock","13":"taxable","14":"shipping-taxable","15":"purchasable","16":"product-type-variable"},"acf":[],"_links":{"self":[{"href":"https:\/\/enipau.ro\/ch\/wp-json\/wp\/v2\/product\/29820","targetHints":{"allow":["GET"]}}],"collection":[{"href":"https:\/\/enipau.ro\/ch\/wp-json\/wp\/v2\/product"}],"about":[{"href":"https:\/\/enipau.ro\/ch\/wp-json\/wp\/v2\/types\/product"}],"replies":[{"embeddable":true,"href":"https:\/\/enipau.ro\/ch\/wp-json\/wp\/v2\/comments?post=29820"}],"wp:featuredmedia":[{"embeddable":true,"href":"https:\/\/enipau.ro\/ch\/wp-json\/wp\/v2\/media\/29821"}],"wp:attachment":[{"href":"https:\/\/enipau.ro\/ch\/wp-json\/wp\/v2\/media?parent=29820"}],"wp:term":[{"taxonomy":"product_brand","embeddable":true,"href":"https:\/\/enipau.ro\/ch\/wp-json\/wp\/v2\/product_brand?post=29820"},{"taxonomy":"product_cat","embeddable":true,"href":"https:\/\/enipau.ro\/ch\/wp-json\/wp\/v2\/product_cat?post=29820"},{"taxonomy":"product_tag","embeddable":true,"href":"https:\/\/enipau.ro\/ch\/wp-json\/wp\/v2\/product_tag?post=29820"}],"curies":[{"name":"wp","href":"https:\/\/api.w.org\/{rel}","templated":true}]}}