{"id":29845,"date":"2020-04-25T11:22:54","date_gmt":"2020-04-25T11:22:54","guid":{"rendered":"https:\/\/enipau.ro\/produs\/uncategorized\/gehobelter-sparren-trocken-nadelholz-klasse-a\/"},"modified":"2025-03-25T07:10:56","modified_gmt":"2025-03-25T07:10:56","slug":"gehobelter-sparren-trocken-nadelholz-klasse-a","status":"publish","type":"product","link":"https:\/\/enipau.ro\/ch\/produkt\/fichtenholz\/gehobelter-sparren-trocken-nadelholz-klasse-a\/","title":{"rendered":"Gehobelter Sparren, trocken, Nadelholz, Klasse A"},"content":{"rendered":"<p>Das Produkt wird aus der Verarbeitung von Baumst\u00e4mmen gewonnen und dient als Grundlage f\u00fcr ein Geb\u00e4ude, aber bei Konstruktionen im Freien verleiht es durch seine besondere Form und Lackierung eine besondere Atmosph\u00e4re. Wir bieten zus\u00e4tzliche Veredelungen an, aber es gilt als fertiges Produkt, das zusammengebaut und lackiert werden kann. Dachsparren aus Holz in einem Geb\u00e4ude bieten eine Mischung aus modernem und klassischem Design. Das Holz ist antiseptisch behandelt, um Sch\u00e4dlinge zu vernichten, und die Verarbeitung garantiert einen Materialverbrauch, der die Oberfl\u00e4che sch\u00fctzt.<\/p>\n","protected":false},"excerpt":{"rendered":"<p>Wir produzieren und verkaufen trockene und gehobelte Dachsparren in verschiedenen Gr\u00f6\u00dfen, je nach Bedarf unserer Kunden. Als fertiges Produkt k\u00f6nnen sie sowohl im Innen- als auch im Au\u00dfenbereich verwendet werden, fertig zum Zusammenbauen und Streichen. Alle vier Kanten des Sparrens sind profiliert. Unser Unternehmen kann auf Anfrage eine zus\u00e4tzliche Oberfl\u00e4che herstellen. Es wird f\u00fcr sichtbare Anwendungen beim Bau von Pavillons, Pergolen, Terrassen usw. verwendet. Wir impr\u00e4gnieren und behandeln das Holz mit der gew\u00fcnschten Farbe und liefern es gebrauchsfertig f\u00fcr Ihre Konstruktion.<\/p>\n","protected":false},"featured_media":29846,"comment_status":"closed","ping_status":"closed","template":"","meta":{"_acf_changed":false},"product_brand":[],"product_cat":[2530,2786,2618,2600],"product_tag":[],"class_list":{"0":"post-29845","1":"product","2":"type-product","3":"status-publish","4":"has-post-thumbnail","6":"product_cat-fichtenholz","7":"product_cat-gehobeltes-holz","8":"product_cat-holzbalken-pfosten","9":"product_cat-holzterrassen-balkone","11":"first","12":"instock","13":"taxable","14":"shipping-taxable","15":"purchasable","16":"product-type-variable"},"acf":[],"_links":{"self":[{"href":"https:\/\/enipau.ro\/ch\/wp-json\/wp\/v2\/product\/29845","targetHints":{"allow":["GET"]}}],"collection":[{"href":"https:\/\/enipau.ro\/ch\/wp-json\/wp\/v2\/product"}],"about":[{"href":"https:\/\/enipau.ro\/ch\/wp-json\/wp\/v2\/types\/product"}],"replies":[{"embeddable":true,"href":"https:\/\/enipau.ro\/ch\/wp-json\/wp\/v2\/comments?post=29845"}],"wp:featuredmedia":[{"embeddable":true,"href":"https:\/\/enipau.ro\/ch\/wp-json\/wp\/v2\/media\/29846"}],"wp:attachment":[{"href":"https:\/\/enipau.ro\/ch\/wp-json\/wp\/v2\/media?parent=29845"}],"wp:term":[{"taxonomy":"product_brand","embeddable":true,"href":"https:\/\/enipau.ro\/ch\/wp-json\/wp\/v2\/product_brand?post=29845"},{"taxonomy":"product_cat","embeddable":true,"href":"https:\/\/enipau.ro\/ch\/wp-json\/wp\/v2\/product_cat?post=29845"},{"taxonomy":"product_tag","embeddable":true,"href":"https:\/\/enipau.ro\/ch\/wp-json\/wp\/v2\/product_tag?post=29845"}],"curies":[{"name":"wp","href":"https:\/\/api.w.org\/{rel}","templated":true}]}}