{"id":29971,"date":"2020-04-25T09:38:02","date_gmt":"2020-04-25T09:38:02","guid":{"rendered":"https:\/\/enipau.ro\/produs\/uncategorized\/schwarz-induzierte-nadelholz-sickerwaesser\/"},"modified":"2025-03-21T16:58:39","modified_gmt":"2025-03-21T16:58:39","slug":"schwarz-induzierte-nadelholz-sickerwaesser","status":"publish","type":"product","link":"https:\/\/enipau.ro\/ch\/produkt\/fichtenholz\/schwarz-induzierte-nadelholz-sickerwaesser\/","title":{"rendered":"Schwarz-induzierte Nadelholz-Sickerw\u00e4sser"},"content":{"rendered":"<p>Technische Spezifikationen k\u00f6nnen im Voraus mit Ihrem Enipau-Berater vereinbart werden. Die Bl\u00e4tter k\u00f6nnen auf Wunsch auf die richtige Gr\u00f6\u00dfe zugeschnitten werden. Hochwertiges Holz, unbehandeltes Nadelholz. Sie werden als Unterlage f\u00fcr D\u00e4cher, Dachziegel und Bleche verwendet, k\u00f6nnen aber auch f\u00fcr andere Bauzwecke eingesetzt werden.<\/p>\n","protected":false},"excerpt":{"rendered":"<p>Wir bieten Ihnen rohe, ungeschliffene Nadelholz-Dielen in Spitzenqualit\u00e4t. Je nach den vom Kunden gew\u00fcnschten Abmessungen werden die Dielen auf Anfrage zugeschnitten. <\/p>\n","protected":false},"featured_media":29972,"comment_status":"closed","ping_status":"closed","template":"","meta":{"_acf_changed":false},"product_brand":[],"product_cat":[2896,2530],"product_tag":[],"class_list":{"0":"post-29971","1":"product","2":"type-product","3":"status-publish","4":"has-post-thumbnail","6":"product_cat-bauholz","7":"product_cat-fichtenholz","9":"first","10":"instock","11":"taxable","12":"shipping-taxable","13":"purchasable","14":"product-type-variable"},"acf":[],"_links":{"self":[{"href":"https:\/\/enipau.ro\/ch\/wp-json\/wp\/v2\/product\/29971","targetHints":{"allow":["GET"]}}],"collection":[{"href":"https:\/\/enipau.ro\/ch\/wp-json\/wp\/v2\/product"}],"about":[{"href":"https:\/\/enipau.ro\/ch\/wp-json\/wp\/v2\/types\/product"}],"replies":[{"embeddable":true,"href":"https:\/\/enipau.ro\/ch\/wp-json\/wp\/v2\/comments?post=29971"}],"wp:featuredmedia":[{"embeddable":true,"href":"https:\/\/enipau.ro\/ch\/wp-json\/wp\/v2\/media\/29972"}],"wp:attachment":[{"href":"https:\/\/enipau.ro\/ch\/wp-json\/wp\/v2\/media?parent=29971"}],"wp:term":[{"taxonomy":"product_brand","embeddable":true,"href":"https:\/\/enipau.ro\/ch\/wp-json\/wp\/v2\/product_brand?post=29971"},{"taxonomy":"product_cat","embeddable":true,"href":"https:\/\/enipau.ro\/ch\/wp-json\/wp\/v2\/product_cat?post=29971"},{"taxonomy":"product_tag","embeddable":true,"href":"https:\/\/enipau.ro\/ch\/wp-json\/wp\/v2\/product_tag?post=29971"}],"curies":[{"name":"wp","href":"https:\/\/api.w.org\/{rel}","templated":true}]}}