{"id":29985,"date":"2020-04-25T09:21:51","date_gmt":"2020-04-25T09:21:51","guid":{"rendered":"https:\/\/enipau.ro\/produs\/uncategorized\/ungehobeltes-nadelholzbrett\/"},"modified":"2025-03-21T16:58:40","modified_gmt":"2025-03-21T16:58:40","slug":"ungehobeltes-nadelholzbrett","status":"publish","type":"product","link":"https:\/\/enipau.ro\/ch\/produkt\/fichtenholz\/ungehobeltes-nadelholzbrett\/","title":{"rendered":"Ungehobeltes Nadelholzbrett"},"content":{"rendered":"<p>Die Gr\u00f6\u00dfen variieren je nach Kundenbedarf. Schnittholz ist in einem trockenen, rauen, unbearbeiteten Zustand und wird f\u00fcr allgemeine Bauarbeiten verwendet. Es wird nicht f\u00fcr M\u00f6bel oder Holzvert\u00e4felungen empfohlen.<\/p>\n","protected":false},"excerpt":{"rendered":"<p>Wir liefern Ihnen gr\u00fcnes, teilweise getrocknetes, ungehobeltes Nadelholzbrett. Es wird zur Herstellung von Schalungen, f\u00fcr die Quader von Dachst\u00fchlen und in der Zimmerei verwendet. <\/p>\n","protected":false},"featured_media":29679,"comment_status":"closed","ping_status":"closed","template":"","meta":{"_acf_changed":false},"product_brand":[],"product_cat":[2896,2530],"product_tag":[],"class_list":{"0":"post-29985","1":"product","2":"type-product","3":"status-publish","4":"has-post-thumbnail","6":"product_cat-bauholz","7":"product_cat-fichtenholz","9":"first","10":"instock","11":"taxable","12":"shipping-taxable","13":"purchasable","14":"product-type-variable"},"acf":[],"_links":{"self":[{"href":"https:\/\/enipau.ro\/ch\/wp-json\/wp\/v2\/product\/29985","targetHints":{"allow":["GET"]}}],"collection":[{"href":"https:\/\/enipau.ro\/ch\/wp-json\/wp\/v2\/product"}],"about":[{"href":"https:\/\/enipau.ro\/ch\/wp-json\/wp\/v2\/types\/product"}],"replies":[{"embeddable":true,"href":"https:\/\/enipau.ro\/ch\/wp-json\/wp\/v2\/comments?post=29985"}],"wp:featuredmedia":[{"embeddable":true,"href":"https:\/\/enipau.ro\/ch\/wp-json\/wp\/v2\/media\/29679"}],"wp:attachment":[{"href":"https:\/\/enipau.ro\/ch\/wp-json\/wp\/v2\/media?parent=29985"}],"wp:term":[{"taxonomy":"product_brand","embeddable":true,"href":"https:\/\/enipau.ro\/ch\/wp-json\/wp\/v2\/product_brand?post=29985"},{"taxonomy":"product_cat","embeddable":true,"href":"https:\/\/enipau.ro\/ch\/wp-json\/wp\/v2\/product_cat?post=29985"},{"taxonomy":"product_tag","embeddable":true,"href":"https:\/\/enipau.ro\/ch\/wp-json\/wp\/v2\/product_tag?post=29985"}],"curies":[{"name":"wp","href":"https:\/\/api.w.org\/{rel}","templated":true}]}}