{"id":30048,"date":"2020-04-17T10:52:40","date_gmt":"2020-04-17T10:52:40","guid":{"rendered":"https:\/\/enipau.ro\/produs\/uncategorized\/ungehobelter-nadelholz-sparren\/"},"modified":"2025-03-21T16:58:44","modified_gmt":"2025-03-21T16:58:44","slug":"ungehobelter-nadelholz-sparren","status":"publish","type":"product","link":"https:\/\/enipau.ro\/ch\/produkt\/fichtenholz\/ungehobelter-nadelholz-sparren\/","title":{"rendered":"Ungehobelter Nadelholz-Sparren"},"content":{"rendered":"<p>Jede Konstruktion, die \u00fcberwiegend aus Holz besteht, erfordert eine Dacheindeckung aus Holz, in der Regel Nadelholzsparren. Nachfolgend finden Sie eine Liste mit Gr\u00f6\u00dfen, oder wenden Sie sich je nach Bedarf an einen Enipau-Spezialisten f\u00fcr ein individuelles Angebot.<\/p>\n","protected":false},"excerpt":{"rendered":"<p>Wir verarbeiten und vermarkten unbearbeiteten, harzigen, unfertigen Raps in verschiedenen Gr\u00f6\u00dfen, je nach Kundenwunsch.<\/p>\n","protected":false},"featured_media":30075,"comment_status":"closed","ping_status":"closed","template":"","meta":{"_acf_changed":false},"product_brand":[],"product_cat":[2896,2530],"product_tag":[],"class_list":{"0":"post-30048","1":"product","2":"type-product","3":"status-publish","4":"has-post-thumbnail","6":"product_cat-bauholz","7":"product_cat-fichtenholz","9":"first","10":"instock","11":"taxable","12":"shipping-taxable","13":"purchasable","14":"product-type-variable"},"acf":[],"_links":{"self":[{"href":"https:\/\/enipau.ro\/ch\/wp-json\/wp\/v2\/product\/30048","targetHints":{"allow":["GET"]}}],"collection":[{"href":"https:\/\/enipau.ro\/ch\/wp-json\/wp\/v2\/product"}],"about":[{"href":"https:\/\/enipau.ro\/ch\/wp-json\/wp\/v2\/types\/product"}],"replies":[{"embeddable":true,"href":"https:\/\/enipau.ro\/ch\/wp-json\/wp\/v2\/comments?post=30048"}],"wp:featuredmedia":[{"embeddable":true,"href":"https:\/\/enipau.ro\/ch\/wp-json\/wp\/v2\/media\/30075"}],"wp:attachment":[{"href":"https:\/\/enipau.ro\/ch\/wp-json\/wp\/v2\/media?parent=30048"}],"wp:term":[{"taxonomy":"product_brand","embeddable":true,"href":"https:\/\/enipau.ro\/ch\/wp-json\/wp\/v2\/product_brand?post=30048"},{"taxonomy":"product_cat","embeddable":true,"href":"https:\/\/enipau.ro\/ch\/wp-json\/wp\/v2\/product_cat?post=30048"},{"taxonomy":"product_tag","embeddable":true,"href":"https:\/\/enipau.ro\/ch\/wp-json\/wp\/v2\/product_tag?post=30048"}],"curies":[{"name":"wp","href":"https:\/\/api.w.org\/{rel}","templated":true}]}}