{"id":30076,"date":"2020-04-17T10:05:02","date_gmt":"2020-04-17T10:05:02","guid":{"rendered":"https:\/\/enipau.ro\/produs\/uncategorized\/ungehobelter-nadelholzbalken\/"},"modified":"2025-03-21T16:58:46","modified_gmt":"2025-03-21T16:58:46","slug":"ungehobelter-nadelholzbalken","status":"publish","type":"product","link":"https:\/\/enipau.ro\/ch\/produkt\/fichtenholz\/ungehobelter-nadelholzbalken\/","title":{"rendered":"Ungehobelter Nadelholzbalken"},"content":{"rendered":"<p>Wertvolles Holz war schon immer ein Teil der Familie Enipau. Die Dauerhaftigkeit des Holzes, die im Falle der Fichte als &#8216;geeignet dauerhaft&#8217; eingestuft wird, hat dazu gef\u00fchrt, dass immer mehr Rum\u00e4nen ihre H\u00e4user in Holzrahmenbauweise errichten. Die Qualit\u00e4t des Holzes ergibt sich auch aus seiner mechanischen Widerstandsf\u00e4higkeit, weshalb es in weniger warmen Gebieten geerntet wird, damit sich seine Fasern nicht so leicht &#8216;verheddern&#8217;.<\/p>\n","protected":false},"excerpt":{"rendered":"<p><span style=\"font-weight: 400;\">Enipau fertigt und vertreibt Ungehobelter Nadelholzbalken f\u00fcr Holzkonstruktionen wie H\u00e4user, Hallen, H\u00fctten, Terrassen und Zimmereien. Wir schneiden auf Bestellung jede Gr\u00f6\u00dfe und Menge zu.   <\/span><\/p>\n","protected":false},"featured_media":30085,"comment_status":"closed","ping_status":"closed","template":"","meta":{"_acf_changed":false},"product_brand":[],"product_cat":[2896,2530],"product_tag":[],"class_list":{"0":"post-30076","1":"product","2":"type-product","3":"status-publish","4":"has-post-thumbnail","6":"product_cat-bauholz","7":"product_cat-fichtenholz","9":"first","10":"instock","11":"taxable","12":"shipping-taxable","13":"purchasable","14":"product-type-variable"},"acf":[],"_links":{"self":[{"href":"https:\/\/enipau.ro\/ch\/wp-json\/wp\/v2\/product\/30076","targetHints":{"allow":["GET"]}}],"collection":[{"href":"https:\/\/enipau.ro\/ch\/wp-json\/wp\/v2\/product"}],"about":[{"href":"https:\/\/enipau.ro\/ch\/wp-json\/wp\/v2\/types\/product"}],"replies":[{"embeddable":true,"href":"https:\/\/enipau.ro\/ch\/wp-json\/wp\/v2\/comments?post=30076"}],"wp:featuredmedia":[{"embeddable":true,"href":"https:\/\/enipau.ro\/ch\/wp-json\/wp\/v2\/media\/30085"}],"wp:attachment":[{"href":"https:\/\/enipau.ro\/ch\/wp-json\/wp\/v2\/media?parent=30076"}],"wp:term":[{"taxonomy":"product_brand","embeddable":true,"href":"https:\/\/enipau.ro\/ch\/wp-json\/wp\/v2\/product_brand?post=30076"},{"taxonomy":"product_cat","embeddable":true,"href":"https:\/\/enipau.ro\/ch\/wp-json\/wp\/v2\/product_cat?post=30076"},{"taxonomy":"product_tag","embeddable":true,"href":"https:\/\/enipau.ro\/ch\/wp-json\/wp\/v2\/product_tag?post=30076"}],"curies":[{"name":"wp","href":"https:\/\/api.w.org\/{rel}","templated":true}]}}