{"id":18092,"date":"2025-01-14T16:04:37","date_gmt":"2025-01-14T16:04:37","guid":{"rendered":"https:\/\/enipau.ro\/produs\/unkategorisiert\/padouk-exotisches-holz\/"},"modified":"2025-01-14T16:04:37","modified_gmt":"2025-01-14T16:04:37","slug":"padouk-exotisches-holz","status":"publish","type":"product","link":"https:\/\/enipau.ro\/de\/produkt\/exotisches-holz\/padouk-exotisches-holz\/","title":{"rendered":"Padouk exotisches Holz"},"content":{"rendered":"<p><strong>Erkennungsmerkmale:<\/strong><\/p>\n<ul>\n<li><strong>Farbe:<\/strong> Cremewei\u00dfes Eiklar (6-10 cm breit) und korallenrotes, r\u00f6tlich-braunes, r\u00f6tlich-braunes oder orange-braunes Kernholz.<\/li>\n<li><strong>Textur:<\/strong> glatt, mit drehendem Wuchs und gerippten Schattierungen, sehr dekorativ.<\/li>\n<li><strong>Geruch:<\/strong> Frisches Aroma.<\/li>\n<\/ul>\n<p><strong>Wichtigste Verwendungszwecke:<\/strong><\/p>\n<ul>\n<li><strong>Innen und au\u00dfen:<\/strong> M\u00f6bel, Tischlerarbeiten, Holzarbeiten, Parkett, Sperrholz, Fliesen.<\/li>\n<li><strong>Spezielle Projekte:<\/strong> Boote, Bodenbel\u00e4ge, Skulpturen, Musikinstrumente, Sportger\u00e4te, Autoschmuck, Werkzeug und Werkzeuggriffe.<\/li>\n<\/ul>\n<p>Padouk ist dank seiner leuchtenden Farben und seiner hervorragenden Haltbarkeit eine ausgezeichnete Wahl f\u00fcr hochwertige Projekte.<\/p>\n","protected":false},"excerpt":{"rendered":"<p>Trockenes, bes\u00e4umtes, exotisches Holz der G\u00fcteklasse A. Exotisches Holz ist eine erstklassige Wahl, perfekt f\u00fcr Projekte, die Qualit\u00e4t mit \u00c4sthetik verbinden. Das exotische Hartholz Padouk zeichnet sich durch sein lebhaftes Aussehen und seine Haltbarkeit aus. Der Baum erreicht eine H\u00f6he von 30-40 m und einen Durchmesser von 100-150 cm, und lange, breite Bohlen sind in Europa selten.    <\/p>\n","protected":false},"featured_media":18095,"comment_status":"closed","ping_status":"closed","template":"","meta":{"_acf_changed":false},"product_brand":[],"product_cat":[1358],"product_tag":[],"class_list":{"0":"post-18092","1":"product","2":"type-product","3":"status-publish","4":"has-post-thumbnail","6":"product_cat-exotisches-holz","8":"first","9":"instock","10":"taxable","11":"shipping-taxable","12":"purchasable","13":"product-type-variable"},"acf":[],"_links":{"self":[{"href":"https:\/\/enipau.ro\/de\/wp-json\/wp\/v2\/product\/18092","targetHints":{"allow":["GET"]}}],"collection":[{"href":"https:\/\/enipau.ro\/de\/wp-json\/wp\/v2\/product"}],"about":[{"href":"https:\/\/enipau.ro\/de\/wp-json\/wp\/v2\/types\/product"}],"replies":[{"embeddable":true,"href":"https:\/\/enipau.ro\/de\/wp-json\/wp\/v2\/comments?post=18092"}],"wp:featuredmedia":[{"embeddable":true,"href":"https:\/\/enipau.ro\/de\/wp-json\/wp\/v2\/media\/18095"}],"wp:attachment":[{"href":"https:\/\/enipau.ro\/de\/wp-json\/wp\/v2\/media?parent=18092"}],"wp:term":[{"taxonomy":"product_brand","embeddable":true,"href":"https:\/\/enipau.ro\/de\/wp-json\/wp\/v2\/product_brand?post=18092"},{"taxonomy":"product_cat","embeddable":true,"href":"https:\/\/enipau.ro\/de\/wp-json\/wp\/v2\/product_cat?post=18092"},{"taxonomy":"product_tag","embeddable":true,"href":"https:\/\/enipau.ro\/de\/wp-json\/wp\/v2\/product_tag?post=18092"}],"curies":[{"name":"wp","href":"https:\/\/api.w.org\/{rel}","templated":true}]}}