{"id":18115,"date":"2025-01-15T16:20:59","date_gmt":"2025-01-15T16:20:59","guid":{"rendered":"https:\/\/enipau.ro\/produs\/unkategorisiert\/rotes-zedernholz-exotisch\/"},"modified":"2025-01-15T16:20:59","modified_gmt":"2025-01-15T16:20:59","slug":"rotes-zedernholz-exotisch","status":"publish","type":"product","link":"https:\/\/enipau.ro\/de\/produkt\/exotisches-holz\/rotes-zedernholz-exotisch\/","title":{"rendered":"Rotes Zedernholz exotisch"},"content":{"rendered":"<p><strong>Merkmale:<\/strong><\/p>\n<ul>\n<li><strong>Textur:<\/strong> Leicht, por\u00f6s, ohne abstehende Fasern, daher leicht zu bearbeiten und zu formen.<\/li>\n<li><strong>Stabilit\u00e4t:<\/strong> Dank seiner geringen Dichte ist Zedernholz leicht zu bearbeiten und hat eine hervorragende Dimensionsstabilit\u00e4t.<\/li>\n<\/ul>\n<p><strong>Wichtigste Verwendungszwecke:<\/strong><\/p>\n<ul>\n<li><strong>Au\u00dfenbereich:<\/strong> Geb\u00e4udeverkleidungen, Verkleidungen, Verkleidungselemente.<\/li>\n<li><strong>Innen:<\/strong> Saunabau wegen des angenehmen Geruchs.<\/li>\n<li><strong>Andere Verwendungen:<\/strong> Schachteln, Musikinstrumente, Ornamente, Zigarrenkisten.<\/li>\n<\/ul>\n<p>Zedernholz wird wegen seiner einfachen Verarbeitung und Stabilit\u00e4t gesch\u00e4tzt und eignet sich daher sowohl f\u00fcr den Au\u00dfenbau als auch f\u00fcr dekorative Anwendungen.<\/p>\n","protected":false},"excerpt":{"rendered":"<p>Trockenes, bes\u00e4umtes, exotisches Holz der G\u00fcteklasse A. Exotische H\u00f6lzer sind eine erstklassige Wahl, perfekt f\u00fcr Projekte, die Qualit\u00e4t mit \u00c4sthetik verbinden. Die Zeder ist ein imposanter Baum, der eine H\u00f6he von 65-70 m und einen Durchmesser von 3-4 m erreicht. Das Kernholz hat eine r\u00f6tlich-braune Farbe mit rosafarbenen Schattierungen, w\u00e4hrend das Splintholz wei\u00dflich mit gelblichen Reflexen ist. Manchmal k\u00f6nnen die Bohlen intensiv rot gestreift sein.     <\/p>\n","protected":false},"featured_media":18118,"comment_status":"closed","ping_status":"closed","template":"","meta":{"_acf_changed":false},"product_brand":[],"product_cat":[1358],"product_tag":[],"class_list":{"0":"post-18115","1":"product","2":"type-product","3":"status-publish","4":"has-post-thumbnail","6":"product_cat-exotisches-holz","8":"first","9":"instock","10":"taxable","11":"shipping-taxable","12":"purchasable","13":"product-type-variable"},"acf":[],"_links":{"self":[{"href":"https:\/\/enipau.ro\/de\/wp-json\/wp\/v2\/product\/18115","targetHints":{"allow":["GET"]}}],"collection":[{"href":"https:\/\/enipau.ro\/de\/wp-json\/wp\/v2\/product"}],"about":[{"href":"https:\/\/enipau.ro\/de\/wp-json\/wp\/v2\/types\/product"}],"replies":[{"embeddable":true,"href":"https:\/\/enipau.ro\/de\/wp-json\/wp\/v2\/comments?post=18115"}],"wp:featuredmedia":[{"embeddable":true,"href":"https:\/\/enipau.ro\/de\/wp-json\/wp\/v2\/media\/18118"}],"wp:attachment":[{"href":"https:\/\/enipau.ro\/de\/wp-json\/wp\/v2\/media?parent=18115"}],"wp:term":[{"taxonomy":"product_brand","embeddable":true,"href":"https:\/\/enipau.ro\/de\/wp-json\/wp\/v2\/product_brand?post=18115"},{"taxonomy":"product_cat","embeddable":true,"href":"https:\/\/enipau.ro\/de\/wp-json\/wp\/v2\/product_cat?post=18115"},{"taxonomy":"product_tag","embeddable":true,"href":"https:\/\/enipau.ro\/de\/wp-json\/wp\/v2\/product_tag?post=18115"}],"curies":[{"name":"wp","href":"https:\/\/api.w.org\/{rel}","templated":true}]}}