{"id":18116,"date":"2025-01-14T15:55:31","date_gmt":"2025-01-14T15:55:31","guid":{"rendered":"https:\/\/enipau.ro\/produs\/unkategorisiert\/exotisches-iroko-holz\/"},"modified":"2025-01-14T15:55:31","modified_gmt":"2025-01-14T15:55:31","slug":"exotisches-iroko-holz","status":"publish","type":"product","link":"https:\/\/enipau.ro\/de\/produkt\/exotisches-holz\/exotisches-iroko-holz\/","title":{"rendered":"Exotisches Iroko-Holz"},"content":{"rendered":"<p><strong>Wichtigste Verwendungszwecke:<\/strong><\/p>\n<ul>\n<li><strong>Industrie:<\/strong> Container, F\u00e4sser, Chemikalienbeh\u00e4lter, Labortische, Schiffsbau.<\/li>\n<li><strong>Drau\u00dfen:<\/strong> Gartenm\u00f6bel, Bodenbelag.<\/li>\n<li><strong>Alternativ:<\/strong> Teak, Doussi\u00e9, Eiche und Douglasie.<\/li>\n<\/ul>\n<p><strong>Verarbeitung:<\/strong><br \/>\nObwohl die Verarbeitung gut ist, nutzen sich die Werkzeuge aufgrund des hohen Mineralgehalts schnell ab. Es kann leicht geschnitten, gedreht, geschliffen und geschliffen werden, aber Oberfl\u00e4chenbehandlungen k\u00f6nnen die Farbe besch\u00e4digen. <\/p>\n<p>Iroko ist eine ausgezeichnete Wahl f\u00fcr den Au\u00dfenbereich und leistungsstarke Projekte und ist ein idealer Ersatz f\u00fcr andere Harth\u00f6lzer.<\/p>\n","protected":false},"excerpt":{"rendered":"<p>Trockenes, bes\u00e4umtes, exotisches Holz der G\u00fcteklasse A. Exotische H\u00f6lzer sind eine erstklassige Wahl, perfekt f\u00fcr Projekte, die Qualit\u00e4t mit \u00c4sthetik verbinden. Die Farbe von Iroko-Holz reicht von gelbgrau bis hellbraun und dann zu gold- oder olivbraun. Alburnum ist gelblich-wei\u00df bis gr\u00e4ulich und seine dekorative Textur ist sowohl in tangentialen als auch radialen Schnitten erh\u00e4ltlich.  <\/p>\n","protected":false},"featured_media":18117,"comment_status":"closed","ping_status":"closed","template":"","meta":{"_acf_changed":false},"product_brand":[],"product_cat":[1358],"product_tag":[],"class_list":{"0":"post-18116","1":"product","2":"type-product","3":"status-publish","4":"has-post-thumbnail","6":"product_cat-exotisches-holz","8":"first","9":"instock","10":"taxable","11":"shipping-taxable","12":"purchasable","13":"product-type-variable","14":"has-default-attributes"},"acf":[],"_links":{"self":[{"href":"https:\/\/enipau.ro\/de\/wp-json\/wp\/v2\/product\/18116","targetHints":{"allow":["GET"]}}],"collection":[{"href":"https:\/\/enipau.ro\/de\/wp-json\/wp\/v2\/product"}],"about":[{"href":"https:\/\/enipau.ro\/de\/wp-json\/wp\/v2\/types\/product"}],"replies":[{"embeddable":true,"href":"https:\/\/enipau.ro\/de\/wp-json\/wp\/v2\/comments?post=18116"}],"wp:featuredmedia":[{"embeddable":true,"href":"https:\/\/enipau.ro\/de\/wp-json\/wp\/v2\/media\/18117"}],"wp:attachment":[{"href":"https:\/\/enipau.ro\/de\/wp-json\/wp\/v2\/media?parent=18116"}],"wp:term":[{"taxonomy":"product_brand","embeddable":true,"href":"https:\/\/enipau.ro\/de\/wp-json\/wp\/v2\/product_brand?post=18116"},{"taxonomy":"product_cat","embeddable":true,"href":"https:\/\/enipau.ro\/de\/wp-json\/wp\/v2\/product_cat?post=18116"},{"taxonomy":"product_tag","embeddable":true,"href":"https:\/\/enipau.ro\/de\/wp-json\/wp\/v2\/product_tag?post=18116"}],"curies":[{"name":"wp","href":"https:\/\/api.w.org\/{rel}","templated":true}]}}