{"id":19004,"date":"2023-07-19T19:53:08","date_gmt":"2023-07-19T19:53:08","guid":{"rendered":"https:\/\/enipau.ro\/produs\/unkategorisiert\/antikisierte-holzvertaefelung-e43\/"},"modified":"2023-07-19T19:53:08","modified_gmt":"2023-07-19T19:53:08","slug":"antikisierte-holzvertaefelung-e43","status":"publish","type":"product","link":"https:\/\/enipau.ro\/de\/produkt\/antiquiertes-holz\/antikisierte-holzvertaefelung-e43\/","title":{"rendered":"Antikisierte Holzvert\u00e4felung E43"},"content":{"rendered":"","protected":false},"excerpt":{"rendered":"<p>Um den sch\u00f6nen Effekt einer Antikisierten Holzvert\u00e4felung zu erzielen, k\u00f6nnen verschiedene Techniken angewandt werden, wie z.B. das Streichen, Abschleifen oder Strukturieren des Holzes. Die Oberfl\u00e4che wird durch Antiken bearbeitet, und die verwendeten Verbindungen sind vom Typ Mutter und Feder.  F\u00fcr detaillierte Informationen \u00fcber Konditionen und Lieferzeiten kontaktieren Sie uns bitte per Anfrage. Wir bieten eine breite Palette von Produkten aus der prim\u00e4ren und sekund\u00e4ren Holzverarbeitung an. <\/p>\n","protected":false},"featured_media":19005,"comment_status":"closed","ping_status":"closed","template":"","meta":{"_acf_changed":false},"product_brand":[],"product_cat":[1423,1424],"product_tag":[],"class_list":{"0":"post-19004","1":"product","2":"type-product","3":"status-publish","4":"has-post-thumbnail","6":"product_cat-antiquiertes-holz","7":"product_cat-innenverkleidung","9":"first","10":"instock","11":"taxable","12":"shipping-taxable","13":"purchasable","14":"product-type-variable"},"acf":[],"_links":{"self":[{"href":"https:\/\/enipau.ro\/de\/wp-json\/wp\/v2\/product\/19004","targetHints":{"allow":["GET"]}}],"collection":[{"href":"https:\/\/enipau.ro\/de\/wp-json\/wp\/v2\/product"}],"about":[{"href":"https:\/\/enipau.ro\/de\/wp-json\/wp\/v2\/types\/product"}],"replies":[{"embeddable":true,"href":"https:\/\/enipau.ro\/de\/wp-json\/wp\/v2\/comments?post=19004"}],"wp:featuredmedia":[{"embeddable":true,"href":"https:\/\/enipau.ro\/de\/wp-json\/wp\/v2\/media\/19005"}],"wp:attachment":[{"href":"https:\/\/enipau.ro\/de\/wp-json\/wp\/v2\/media?parent=19004"}],"wp:term":[{"taxonomy":"product_brand","embeddable":true,"href":"https:\/\/enipau.ro\/de\/wp-json\/wp\/v2\/product_brand?post=19004"},{"taxonomy":"product_cat","embeddable":true,"href":"https:\/\/enipau.ro\/de\/wp-json\/wp\/v2\/product_cat?post=19004"},{"taxonomy":"product_tag","embeddable":true,"href":"https:\/\/enipau.ro\/de\/wp-json\/wp\/v2\/product_tag?post=19004"}],"curies":[{"name":"wp","href":"https:\/\/api.w.org\/{rel}","templated":true}]}}