{"id":19759,"date":"2024-04-23T11:25:03","date_gmt":"2024-04-23T11:25:03","guid":{"rendered":"https:\/\/enipau.ro\/produs\/unkategorisiert\/iroko-gesaegtes-exotisches-holz-ep4\/"},"modified":"2024-04-23T11:25:03","modified_gmt":"2024-04-23T11:25:03","slug":"iroko-gesaegtes-exotisches-holz-ep4","status":"publish","type":"product","link":"https:\/\/enipau.ro\/de\/produkt\/holzvertafelung-im-ausenbereich\/iroko-gesaegtes-exotisches-holz-ep4\/","title":{"rendered":"Iroko Ges\u00e4gtes exotisches Holz EP4"},"content":{"rendered":"<p>Iroko Sawn ist eine verarbeitete Variante des exotischen Holzes Iroko, das in Westafrika beheimatet ist. Iroko hat eine mittlere bis hohe Dichte, eine feine, gleichm\u00e4\u00dfige Textur und m\u00e4\u00dfige Porosit\u00e4t. Die Farbe reicht von hellgelb \u00fcber goldgelb bis dunkelbraun, manchmal auch mit gr\u00fcnen oder roten Schattierungen. Das Holz ist hart und dauerhaft und widersteht gut Feuchtigkeit, F\u00e4ulnis und Insektenbefall.   <\/p>\n<p>Dank seiner Festigkeit und seines attraktiven Aussehens wird ges\u00e4gtes Iroko-Holz f\u00fcr eine Vielzahl von Anwendungen verwendet, darunter Fu\u00dfb\u00f6den, Terrassendielen, Gel\u00e4nder, Balustraden, Treppen, Au\u00dfenm\u00f6bel oder Verkleidungen.<\/p>\n","protected":false},"excerpt":{"rendered":"<p>Iroko Sawn ist eine verarbeitete Variante des exotischen Holzes Iroko, das in Westafrika beheimatet ist. Iroko hat eine mittlere bis &hellip; <a href=\"https:\/\/enipau.ro\/de\/produkt\/holzvertafelung-im-ausenbereich\/iroko-gesaegtes-exotisches-holz-ep4\/\">Continued<\/a><\/p>\n","protected":false},"featured_media":19761,"comment_status":"closed","ping_status":"closed","template":"","meta":{"_acf_changed":false},"product_brand":[],"product_cat":[1442,1401,1448],"product_tag":[],"class_list":{"0":"post-19759","1":"product","2":"type-product","3":"status-publish","4":"has-post-thumbnail","6":"product_cat-exotische-holzfassaden","7":"product_cat-holzvertafelung-im-ausenbereich","8":"product_cat-iroko-holz","10":"first","11":"instock","12":"taxable","13":"shipping-taxable","14":"purchasable","15":"product-type-variable"},"acf":[],"_links":{"self":[{"href":"https:\/\/enipau.ro\/de\/wp-json\/wp\/v2\/product\/19759","targetHints":{"allow":["GET"]}}],"collection":[{"href":"https:\/\/enipau.ro\/de\/wp-json\/wp\/v2\/product"}],"about":[{"href":"https:\/\/enipau.ro\/de\/wp-json\/wp\/v2\/types\/product"}],"replies":[{"embeddable":true,"href":"https:\/\/enipau.ro\/de\/wp-json\/wp\/v2\/comments?post=19759"}],"wp:featuredmedia":[{"embeddable":true,"href":"https:\/\/enipau.ro\/de\/wp-json\/wp\/v2\/media\/19761"}],"wp:attachment":[{"href":"https:\/\/enipau.ro\/de\/wp-json\/wp\/v2\/media?parent=19759"}],"wp:term":[{"taxonomy":"product_brand","embeddable":true,"href":"https:\/\/enipau.ro\/de\/wp-json\/wp\/v2\/product_brand?post=19759"},{"taxonomy":"product_cat","embeddable":true,"href":"https:\/\/enipau.ro\/de\/wp-json\/wp\/v2\/product_cat?post=19759"},{"taxonomy":"product_tag","embeddable":true,"href":"https:\/\/enipau.ro\/de\/wp-json\/wp\/v2\/product_tag?post=19759"}],"curies":[{"name":"wp","href":"https:\/\/api.w.org\/{rel}","templated":true}]}}