{"id":19791,"date":"2024-04-23T12:53:39","date_gmt":"2024-04-23T12:53:39","guid":{"rendered":"https:\/\/enipau.ro\/produs\/unkategorisiert\/padouk-gesaegtes-exotisches-holz-e37\/"},"modified":"2024-04-23T12:53:39","modified_gmt":"2024-04-23T12:53:39","slug":"padouk-gesaegtes-exotisches-holz-e37","status":"publish","type":"product","link":"https:\/\/enipau.ro\/de\/produkt\/holzvertafelung-im-ausenbereich\/padouk-gesaegtes-exotisches-holz-e37\/","title":{"rendered":"Padouk Ges\u00e4gtes exotisches Holz E37"},"content":{"rendered":"<p>Padouk Sawn ist ein exotisches, in West- und Zentralafrika beheimatetes Holz, das f\u00fcr seine r\u00f6tlich-orange Farbe und hohe Haltbarkeit gesch\u00e4tzt wird. Dieses Holz wird im Bauwesen und im Landschaftsbau verwendet und h\u00e4lt extremen Bedingungen stand. Es wird f\u00fcr eine Vielzahl von Anwendungen verwendet, darunter Fu\u00dfb\u00f6den, Akzentw\u00e4nde, Au\u00dfenm\u00f6bel, Treppen, Verkleidungen und andere Innen- und Au\u00dfengestaltungsprojekte. Obwohl es als teurer gilt, wird es f\u00fcr sein attraktives Aussehen und seine dauerhaften Eigenschaften gesch\u00e4tzt.<\/p>\n","protected":false},"excerpt":{"rendered":"<p>Padouk Sawn ist ein exotisches, in West- und Zentralafrika beheimatetes Holz, das f\u00fcr seine r\u00f6tlich-orange Farbe und hohe Haltbarkeit gesch\u00e4tzt &hellip; <a href=\"https:\/\/enipau.ro\/de\/produkt\/holzvertafelung-im-ausenbereich\/padouk-gesaegtes-exotisches-holz-e37\/\">Continued<\/a><\/p>\n","protected":false},"featured_media":19793,"comment_status":"closed","ping_status":"closed","template":"","meta":{"_acf_changed":false},"product_brand":[],"product_cat":[1442,1401,1450],"product_tag":[],"class_list":{"0":"post-19791","1":"product","2":"type-product","3":"status-publish","4":"has-post-thumbnail","6":"product_cat-exotische-holzfassaden","7":"product_cat-holzvertafelung-im-ausenbereich","8":"product_cat-padouk-holz","10":"first","11":"instock","12":"taxable","13":"shipping-taxable","14":"purchasable","15":"product-type-variable"},"acf":[],"_links":{"self":[{"href":"https:\/\/enipau.ro\/de\/wp-json\/wp\/v2\/product\/19791","targetHints":{"allow":["GET"]}}],"collection":[{"href":"https:\/\/enipau.ro\/de\/wp-json\/wp\/v2\/product"}],"about":[{"href":"https:\/\/enipau.ro\/de\/wp-json\/wp\/v2\/types\/product"}],"replies":[{"embeddable":true,"href":"https:\/\/enipau.ro\/de\/wp-json\/wp\/v2\/comments?post=19791"}],"wp:featuredmedia":[{"embeddable":true,"href":"https:\/\/enipau.ro\/de\/wp-json\/wp\/v2\/media\/19793"}],"wp:attachment":[{"href":"https:\/\/enipau.ro\/de\/wp-json\/wp\/v2\/media?parent=19791"}],"wp:term":[{"taxonomy":"product_brand","embeddable":true,"href":"https:\/\/enipau.ro\/de\/wp-json\/wp\/v2\/product_brand?post=19791"},{"taxonomy":"product_cat","embeddable":true,"href":"https:\/\/enipau.ro\/de\/wp-json\/wp\/v2\/product_cat?post=19791"},{"taxonomy":"product_tag","embeddable":true,"href":"https:\/\/enipau.ro\/de\/wp-json\/wp\/v2\/product_tag?post=19791"}],"curies":[{"name":"wp","href":"https:\/\/api.w.org\/{rel}","templated":true}]}}