{"id":19890,"date":"2024-04-23T13:57:48","date_gmt":"2024-04-23T13:57:48","guid":{"rendered":"https:\/\/enipau.ro\/produs\/unkategorisiert\/alte-behauene-laerche-e65\/"},"modified":"2024-04-23T13:57:48","modified_gmt":"2024-04-23T13:57:48","slug":"alte-behauene-laerche-e65","status":"publish","type":"product","link":"https:\/\/enipau.ro\/de\/produkt\/holzvertafelung-im-ausenbereich\/alte-behauene-laerche-e65\/","title":{"rendered":"Alte behauene L\u00e4rche E65"},"content":{"rendered":"<p>Alt geschnitzte L\u00e4rche ist eine maschinell bearbeitete Form von L\u00e4rchenholz, die das nat\u00fcrliche Aussehen von gealtertem und strukturiertem Holz imitiert. Es wird von Hand oder maschinell geschnitzt, um Details wie Beulen, Risse und andere Merkmale zu erzeugen, die an alte Holzoberfl\u00e4chen erinnern. <\/p>\n<p>Altes, behauenes L\u00e4rchenholz kann in seinem nat\u00fcrlichen Zustand belassen werden, um seine rustikalen Eigenschaften zu betonen, oder es kann mit Lacken oder \u00d6len behandelt werden, um die Oberfl\u00e4che zu sch\u00fctzen und die Textur zu betonen. Die Oberfl\u00e4chenbehandlung kann je nach \u00e4sthetischen Vorlieben und Projektanforderungen individuell gestaltet werden. Obwohl der Schnitzvorgang die Festigkeit des Holzes anf\u00e4nglich beeintr\u00e4chtigen kann, wird altes geschnitztes L\u00e4rchenholz behandelt, um seine Haltbarkeit \u00fcber die Zeit zu erhalten. Die Pflege ist \u00e4hnlich wie bei anderen H\u00f6lzern, d.h. es muss gereinigt und regelm\u00e4\u00dfig mit einem Schutzanstrich versehen werden.<\/p>\n","protected":false},"excerpt":{"rendered":"<p>Alt geschnitzte L\u00e4rche ist eine maschinell bearbeitete Form von L\u00e4rchenholz, die das nat\u00fcrliche Aussehen von gealtertem und strukturiertem Holz imitiert. &hellip; <a href=\"https:\/\/enipau.ro\/de\/produkt\/holzvertafelung-im-ausenbereich\/alte-behauene-laerche-e65\/\">Continued<\/a><\/p>\n","protected":false},"featured_media":19891,"comment_status":"closed","ping_status":"closed","template":"","meta":{"_acf_changed":false},"product_brand":[],"product_cat":[1467,1401,1424,1477],"product_tag":[],"class_list":{"0":"post-19890","1":"product","2":"type-product","3":"status-publish","4":"has-post-thumbnail","6":"product_cat-abgesplittertes-holz","7":"product_cat-holzvertafelung-im-ausenbereich","8":"product_cat-innenverkleidung","9":"product_cat-laerche-produkte","11":"first","12":"instock","13":"taxable","14":"shipping-taxable","15":"purchasable","16":"product-type-variable"},"acf":[],"_links":{"self":[{"href":"https:\/\/enipau.ro\/de\/wp-json\/wp\/v2\/product\/19890","targetHints":{"allow":["GET"]}}],"collection":[{"href":"https:\/\/enipau.ro\/de\/wp-json\/wp\/v2\/product"}],"about":[{"href":"https:\/\/enipau.ro\/de\/wp-json\/wp\/v2\/types\/product"}],"replies":[{"embeddable":true,"href":"https:\/\/enipau.ro\/de\/wp-json\/wp\/v2\/comments?post=19890"}],"wp:featuredmedia":[{"embeddable":true,"href":"https:\/\/enipau.ro\/de\/wp-json\/wp\/v2\/media\/19891"}],"wp:attachment":[{"href":"https:\/\/enipau.ro\/de\/wp-json\/wp\/v2\/media?parent=19890"}],"wp:term":[{"taxonomy":"product_brand","embeddable":true,"href":"https:\/\/enipau.ro\/de\/wp-json\/wp\/v2\/product_brand?post=19890"},{"taxonomy":"product_cat","embeddable":true,"href":"https:\/\/enipau.ro\/de\/wp-json\/wp\/v2\/product_cat?post=19890"},{"taxonomy":"product_tag","embeddable":true,"href":"https:\/\/enipau.ro\/de\/wp-json\/wp\/v2\/product_tag?post=19890"}],"curies":[{"name":"wp","href":"https:\/\/api.w.org\/{rel}","templated":true}]}}