{"id":19905,"date":"2024-04-24T08:16:50","date_gmt":"2024-04-24T08:16:50","guid":{"rendered":"https:\/\/enipau.ro\/produs\/unkategorisiert\/bangkirai-exotisches-holz-ep15\/"},"modified":"2024-04-24T08:16:50","modified_gmt":"2024-04-24T08:16:50","slug":"bangkirai-exotisches-holz-ep15","status":"publish","type":"product","link":"https:\/\/enipau.ro\/de\/produkt\/holzvertafelung-im-ausenbereich\/bangkirai-exotisches-holz-ep15\/","title":{"rendered":"Bangkirai exotisches Holz EP15"},"content":{"rendered":"<p>Das exotische Holz Bangkirai ist in S\u00fcdostasien beheimatet und wird f\u00fcr seine hohe Haltbarkeit und Widerstandsf\u00e4higkeit gegen F\u00e4ulnis und Witterung gesch\u00e4tzt. Bangkirai hat eine attraktive Grundfarbe und wird aufgrund seiner Langlebigkeit h\u00e4ufig f\u00fcr den Au\u00dfenbereich verwendet, z.B. f\u00fcr Terrassen, Z\u00e4une, Decks und Wandverkleidungen. Es wird auch f\u00fcr die Herstellung von M\u00f6beln f\u00fcr den Au\u00dfenbereich und andere Anwendungen verwendet, die Verschlei\u00df- und Witterungsbest\u00e4ndigkeit erfordern.<\/p>\n","protected":false},"excerpt":{"rendered":"<p>Das exotische Holz Bangkirai ist in S\u00fcdostasien beheimatet und wird f\u00fcr seine hohe Haltbarkeit und Widerstandsf\u00e4higkeit gegen F\u00e4ulnis und Witterung &hellip; <a href=\"https:\/\/enipau.ro\/de\/produkt\/holzvertafelung-im-ausenbereich\/bangkirai-exotisches-holz-ep15\/\">Continued<\/a><\/p>\n","protected":false},"featured_media":19907,"comment_status":"closed","ping_status":"closed","template":"","meta":{"_acf_changed":false},"product_brand":[],"product_cat":[1469,1442,1443,1401,1441],"product_tag":[],"class_list":{"0":"post-19905","1":"product","2":"type-product","3":"status-publish","4":"has-post-thumbnail","6":"product_cat-bangkirai-holz","7":"product_cat-exotische-holzfassaden","8":"product_cat-exotische-holzterrassen-boden","9":"product_cat-holzvertafelung-im-ausenbereich","10":"product_cat-massivholzdielen","12":"first","13":"instock","14":"taxable","15":"shipping-taxable","16":"purchasable","17":"product-type-variable"},"acf":[],"_links":{"self":[{"href":"https:\/\/enipau.ro\/de\/wp-json\/wp\/v2\/product\/19905","targetHints":{"allow":["GET"]}}],"collection":[{"href":"https:\/\/enipau.ro\/de\/wp-json\/wp\/v2\/product"}],"about":[{"href":"https:\/\/enipau.ro\/de\/wp-json\/wp\/v2\/types\/product"}],"replies":[{"embeddable":true,"href":"https:\/\/enipau.ro\/de\/wp-json\/wp\/v2\/comments?post=19905"}],"wp:featuredmedia":[{"embeddable":true,"href":"https:\/\/enipau.ro\/de\/wp-json\/wp\/v2\/media\/19907"}],"wp:attachment":[{"href":"https:\/\/enipau.ro\/de\/wp-json\/wp\/v2\/media?parent=19905"}],"wp:term":[{"taxonomy":"product_brand","embeddable":true,"href":"https:\/\/enipau.ro\/de\/wp-json\/wp\/v2\/product_brand?post=19905"},{"taxonomy":"product_cat","embeddable":true,"href":"https:\/\/enipau.ro\/de\/wp-json\/wp\/v2\/product_cat?post=19905"},{"taxonomy":"product_tag","embeddable":true,"href":"https:\/\/enipau.ro\/de\/wp-json\/wp\/v2\/product_tag?post=19905"}],"curies":[{"name":"wp","href":"https:\/\/api.w.org\/{rel}","templated":true}]}}