{"id":19927,"date":"2024-04-24T08:44:32","date_gmt":"2024-04-24T08:44:32","guid":{"rendered":"https:\/\/enipau.ro\/produs\/unkategorisiert\/exotisches-lindenholz-e23\/"},"modified":"2024-04-24T08:44:32","modified_gmt":"2024-04-24T08:44:32","slug":"exotisches-lindenholz-e23","status":"publish","type":"product","link":"https:\/\/enipau.ro\/de\/produkt\/holzvertafelung-im-ausenbereich\/exotisches-lindenholz-e23\/","title":{"rendered":"Exotisches Lindenholz E23"},"content":{"rendered":"<p>Exotisches Holz der Europ\u00e4ischen Linde ist recht selten, da Linden im Allgemeinen mit Arten in Verbindung gebracht werden, die in Europa und Nordamerika heimisch sind. Es gibt jedoch einige Lindenarten, die in tropischen Regionen wachsen und als exotisch bezeichnet werden k\u00f6nnen. Die Eigenschaften des Holzes aller Arten sind \u00e4hnlich wie die der traditionellen Linde. Es l\u00e4sst sich leicht bearbeiten und hat eine glatte, gleichm\u00e4\u00dfige Textur, was es ideal f\u00fcr Projekte macht, die feine Details erfordern. Au\u00dferdem ist es m\u00e4\u00dfig resistent gegen F\u00e4ulnis und Sch\u00e4dlinge und eignet sich daher f\u00fcr Innen- und Au\u00dfenverkleidungen.<\/p>\n","protected":false},"excerpt":{"rendered":"<p>Exotisches Holz der Europ\u00e4ischen Linde ist recht selten, da Linden im Allgemeinen mit Arten in Verbindung gebracht werden, die in &hellip; <a href=\"https:\/\/enipau.ro\/de\/produkt\/holzvertafelung-im-ausenbereich\/exotisches-lindenholz-e23\/\">Continued<\/a><\/p>\n","protected":false},"featured_media":19929,"comment_status":"closed","ping_status":"closed","template":"","meta":{"_acf_changed":false},"product_brand":[],"product_cat":[1442,1401],"product_tag":[],"class_list":{"0":"post-19927","1":"product","2":"type-product","3":"status-publish","4":"has-post-thumbnail","6":"product_cat-exotische-holzfassaden","7":"product_cat-holzvertafelung-im-ausenbereich","9":"first","10":"instock","11":"taxable","12":"shipping-taxable","13":"purchasable","14":"product-type-variable"},"acf":[],"_links":{"self":[{"href":"https:\/\/enipau.ro\/de\/wp-json\/wp\/v2\/product\/19927","targetHints":{"allow":["GET"]}}],"collection":[{"href":"https:\/\/enipau.ro\/de\/wp-json\/wp\/v2\/product"}],"about":[{"href":"https:\/\/enipau.ro\/de\/wp-json\/wp\/v2\/types\/product"}],"replies":[{"embeddable":true,"href":"https:\/\/enipau.ro\/de\/wp-json\/wp\/v2\/comments?post=19927"}],"wp:featuredmedia":[{"embeddable":true,"href":"https:\/\/enipau.ro\/de\/wp-json\/wp\/v2\/media\/19929"}],"wp:attachment":[{"href":"https:\/\/enipau.ro\/de\/wp-json\/wp\/v2\/media?parent=19927"}],"wp:term":[{"taxonomy":"product_brand","embeddable":true,"href":"https:\/\/enipau.ro\/de\/wp-json\/wp\/v2\/product_brand?post=19927"},{"taxonomy":"product_cat","embeddable":true,"href":"https:\/\/enipau.ro\/de\/wp-json\/wp\/v2\/product_cat?post=19927"},{"taxonomy":"product_tag","embeddable":true,"href":"https:\/\/enipau.ro\/de\/wp-json\/wp\/v2\/product_tag?post=19927"}],"curies":[{"name":"wp","href":"https:\/\/api.w.org\/{rel}","templated":true}]}}