{"id":20167,"date":"2023-07-19T22:53:12","date_gmt":"2023-07-19T22:53:12","guid":{"rendered":"https:\/\/enipau.ro\/produs\/unkategorisiert\/deck-pin-nordische-kiefer\/"},"modified":"2023-07-19T22:53:12","modified_gmt":"2023-07-19T22:53:12","slug":"deck-pin-nordische-kiefer","status":"publish","type":"product","link":"https:\/\/enipau.ro\/de\/produkt\/massivholzdielen\/deck-pin-nordische-kiefer\/","title":{"rendered":"Deck Pin Nordische Kiefer"},"content":{"rendered":"<p>&nbsp;<\/p>\n<p>&nbsp;<\/p>\n","protected":false},"excerpt":{"rendered":"<p>Bei der Verwendung von Nadelholz-Dielen, die f\u00fcr den Au\u00dfenbereich behandelt wurden, wollen wir, dass die Langlebigkeit der Hauptvorteil bei der Wahl von Nadelholz-Dielen ist. Er zeichnet sich durch eine lange Lebensdauer und Haltbarkeit, Witterungsbest\u00e4ndigkeit und hohe Klebkraft aus, quillt und verzieht sich nicht, hat aber eine angenehme Textur. Es kann nach Ma\u00df gefertigt und um Swimmingpools, Pavillons oder andere Au\u00dfenanwendungen herum verwendet werden. Das Holz ist antiseptisch behandelt, um Sch\u00e4dlinge zu vernichten, und die Verarbeitung garantiert einen Materialverbrauch, der die Oberfl\u00e4che sch\u00fctzt.   <\/p>\n<p>&nbsp;<\/p>\n","protected":false},"featured_media":20168,"comment_status":"closed","ping_status":"closed","template":"","meta":{"_acf_changed":false},"product_brand":[],"product_cat":[1441],"product_tag":[],"class_list":{"0":"post-20167","1":"product","2":"type-product","3":"status-publish","4":"has-post-thumbnail","6":"product_cat-massivholzdielen","8":"first","9":"instock","10":"taxable","11":"shipping-taxable","12":"purchasable","13":"product-type-variable"},"acf":[],"_links":{"self":[{"href":"https:\/\/enipau.ro\/de\/wp-json\/wp\/v2\/product\/20167","targetHints":{"allow":["GET"]}}],"collection":[{"href":"https:\/\/enipau.ro\/de\/wp-json\/wp\/v2\/product"}],"about":[{"href":"https:\/\/enipau.ro\/de\/wp-json\/wp\/v2\/types\/product"}],"replies":[{"embeddable":true,"href":"https:\/\/enipau.ro\/de\/wp-json\/wp\/v2\/comments?post=20167"}],"wp:featuredmedia":[{"embeddable":true,"href":"https:\/\/enipau.ro\/de\/wp-json\/wp\/v2\/media\/20168"}],"wp:attachment":[{"href":"https:\/\/enipau.ro\/de\/wp-json\/wp\/v2\/media?parent=20167"}],"wp:term":[{"taxonomy":"product_brand","embeddable":true,"href":"https:\/\/enipau.ro\/de\/wp-json\/wp\/v2\/product_brand?post=20167"},{"taxonomy":"product_cat","embeddable":true,"href":"https:\/\/enipau.ro\/de\/wp-json\/wp\/v2\/product_cat?post=20167"},{"taxonomy":"product_tag","embeddable":true,"href":"https:\/\/enipau.ro\/de\/wp-json\/wp\/v2\/product_tag?post=20167"}],"curies":[{"name":"wp","href":"https:\/\/api.w.org\/{rel}","templated":true}]}}