{"id":20172,"date":"2023-07-20T12:51:28","date_gmt":"2023-07-20T12:51:28","guid":{"rendered":"https:\/\/enipau.ro\/produs\/unkategorisiert\/holzvertaefelung-sibirische-laerche\/"},"modified":"2023-07-20T12:51:28","modified_gmt":"2023-07-20T12:51:28","slug":"holzvertaefelung-sibirische-laerche","status":"publish","type":"product","link":"https:\/\/enipau.ro\/de\/produkt\/holzvertafelung-im-ausenbereich\/holzvertaefelung-sibirische-laerche\/","title":{"rendered":"Holzvert\u00e4felung Sibirische L\u00e4rche"},"content":{"rendered":"","protected":false},"excerpt":{"rendered":"<p>Die Holzvert\u00e4felung aus sibirischer L\u00e4rche, die mit Wachs behandelt wurde, ist eine au\u00dfergew\u00f6hnliche Wahl, um Eleganz und W\u00e4rme in jeden Raum zu bringen. Die Holzvert\u00e4felung aus L\u00e4rchenholz hat eine sch\u00f6ne nat\u00fcrliche Textur und einen sch\u00f6nen Farbton, der eine authentische und angenehme Atmosph\u00e4re in R\u00e4umen schafft. <\/p>\n<p>Mit einer Wachsbehandlung erh\u00e4lt die Holzvert\u00e4felung aus sibirischer L\u00e4rche ein gl\u00e4nzendes Aussehen und zus\u00e4tzlichen Schutz gegen Abnutzung und \u00e4u\u00dfere Einfl\u00fcsse. Diese spezielle Behandlung unterstreicht die Sch\u00f6nheit des Holzes, erh\u00f6ht seine Haltbarkeit und h\u00e4lt es langfristig in tadellosem Zustand. <\/p>\n","protected":false},"featured_media":20173,"comment_status":"closed","ping_status":"closed","template":"","meta":{"_acf_changed":false},"product_brand":[],"product_cat":[1511,1401,1477],"product_tag":[],"class_list":{"0":"post-20172","1":"product","2":"type-product","3":"status-publish","4":"has-post-thumbnail","6":"product_cat-fassadenelemente-holzfassaden","7":"product_cat-holzvertafelung-im-ausenbereich","8":"product_cat-laerche-produkte","10":"first","11":"instock","12":"taxable","13":"shipping-taxable","14":"purchasable","15":"product-type-variable"},"acf":[],"_links":{"self":[{"href":"https:\/\/enipau.ro\/de\/wp-json\/wp\/v2\/product\/20172","targetHints":{"allow":["GET"]}}],"collection":[{"href":"https:\/\/enipau.ro\/de\/wp-json\/wp\/v2\/product"}],"about":[{"href":"https:\/\/enipau.ro\/de\/wp-json\/wp\/v2\/types\/product"}],"replies":[{"embeddable":true,"href":"https:\/\/enipau.ro\/de\/wp-json\/wp\/v2\/comments?post=20172"}],"wp:featuredmedia":[{"embeddable":true,"href":"https:\/\/enipau.ro\/de\/wp-json\/wp\/v2\/media\/20173"}],"wp:attachment":[{"href":"https:\/\/enipau.ro\/de\/wp-json\/wp\/v2\/media?parent=20172"}],"wp:term":[{"taxonomy":"product_brand","embeddable":true,"href":"https:\/\/enipau.ro\/de\/wp-json\/wp\/v2\/product_brand?post=20172"},{"taxonomy":"product_cat","embeddable":true,"href":"https:\/\/enipau.ro\/de\/wp-json\/wp\/v2\/product_cat?post=20172"},{"taxonomy":"product_tag","embeddable":true,"href":"https:\/\/enipau.ro\/de\/wp-json\/wp\/v2\/product_tag?post=20172"}],"curies":[{"name":"wp","href":"https:\/\/api.w.org\/{rel}","templated":true}]}}