{"id":20214,"date":"2021-03-23T15:49:31","date_gmt":"2021-03-23T15:49:31","guid":{"rendered":"https:\/\/enipau.ro\/produs\/unkategorisiert\/papuc-reazem-edelstahl-enipau\/"},"modified":"2025-04-16T14:42:54","modified_gmt":"2025-04-16T14:42:54","slug":"halter-aus-edelstahl-als-nuetzliches-bauteil-fuer-die-holzmontage","status":"publish","type":"product","link":"https:\/\/enipau.ro\/de\/produkt\/holzverbinder\/halter-aus-edelstahl-als-nuetzliches-bauteil-fuer-die-holzmontage\/","title":{"rendered":"Halter aus Edelstahl als n\u00fctzliches Bauteil f\u00fcr die Holzmontage"},"content":{"rendered":"<p>Enipau stellt einen Sockel aus rostfreiem Stahl als n\u00fctzliches Element f\u00fcr den Zusammenbau von Holz her. Er wird beim Bau von H\u00e4usern, D\u00e4chern, Garagen, Pergolen, Laubeng\u00e4ngen, Terrassen, Gel\u00e4ndern, Z\u00e4unen, Toren usw. verwendet. Er wird aus verzinktem Stahlblech hergestellt.<\/p>\n<div class=\"product_section product_section_description\">\n<div class=\"product_section_content\">\n<div class=\"__i\">\n<div class=\"description\">\n<p><strong>*Die St\u00fctzen enthalten 6 x 8*50 Schrauben mit Kappe und 2 x 10*100 Metalld\u00fcbel.<\/strong><\/p>\n<\/div>\n<\/div>\n<\/div>\n<\/div>\n<div class=\"product_section product_section_specs\">\n<div class=\"product_section_link\">\n<div class=\"data\" data-icon=\"description\" data-id=\"specificatii-produs\" data-title=\"Specificatii\"><\/div>\n<\/div>\n<\/div>\n","protected":false},"excerpt":{"rendered":"<p>Die D\u00fcbel spielen eine wichtige Rolle bei der Befestigung von Holzelementen einer Konstruktion, insbesondere von Holzpfosten in oder auf Beton. Diese selbstgefertigten, nicht rostenden, langlebigen und dauerhaften Ankerschuhe sind f\u00fcr den Einsatz in nassen und trockenen Bereichen bestimmt. Das Design umfasst eine leicht dunkle Farbe f\u00fcr ein modernes architektonisches Muster.<\/p>\n","protected":false},"featured_media":20215,"comment_status":"closed","ping_status":"closed","template":"","meta":{"_acf_changed":false},"product_brand":[],"product_cat":[1536],"product_tag":[],"class_list":{"0":"post-20214","1":"product","2":"type-product","3":"status-publish","4":"has-post-thumbnail","6":"product_cat-holzverbinder","8":"first","9":"instock","10":"taxable","11":"shipping-taxable","12":"purchasable","13":"product-type-variable"},"acf":[],"_links":{"self":[{"href":"https:\/\/enipau.ro\/de\/wp-json\/wp\/v2\/product\/20214","targetHints":{"allow":["GET"]}}],"collection":[{"href":"https:\/\/enipau.ro\/de\/wp-json\/wp\/v2\/product"}],"about":[{"href":"https:\/\/enipau.ro\/de\/wp-json\/wp\/v2\/types\/product"}],"replies":[{"embeddable":true,"href":"https:\/\/enipau.ro\/de\/wp-json\/wp\/v2\/comments?post=20214"}],"wp:featuredmedia":[{"embeddable":true,"href":"https:\/\/enipau.ro\/de\/wp-json\/wp\/v2\/media\/20215"}],"wp:attachment":[{"href":"https:\/\/enipau.ro\/de\/wp-json\/wp\/v2\/media?parent=20214"}],"wp:term":[{"taxonomy":"product_brand","embeddable":true,"href":"https:\/\/enipau.ro\/de\/wp-json\/wp\/v2\/product_brand?post=20214"},{"taxonomy":"product_cat","embeddable":true,"href":"https:\/\/enipau.ro\/de\/wp-json\/wp\/v2\/product_cat?post=20214"},{"taxonomy":"product_tag","embeddable":true,"href":"https:\/\/enipau.ro\/de\/wp-json\/wp\/v2\/product_tag?post=20214"}],"curies":[{"name":"wp","href":"https:\/\/api.w.org\/{rel}","templated":true}]}}