{"id":20220,"date":"2022-04-05T12:54:05","date_gmt":"2022-04-05T12:54:05","guid":{"rendered":"https:\/\/enipau.ro\/produs\/unkategorisiert\/fichten-holzvertaefelung-typ-u-riffel\/"},"modified":"2022-04-05T12:54:05","modified_gmt":"2022-04-05T12:54:05","slug":"fichten-holzvertaefelung-typ-u-riffel","status":"publish","type":"product","link":"https:\/\/enipau.ro\/de\/produkt\/holzvertafelung-im-ausenbereich\/fichten-holzvertaefelung-typ-u-riffel\/","title":{"rendered":"Fichten-Holzvert\u00e4felung (Typ U-Riffel)"},"content":{"rendered":"<p>Die Fichten-Holzvert\u00e4felung Typ U wird in ihrem nat\u00fcrlichen Zustand angeboten. Sie kann gegen einen Aufpreis mit Wachs in der vom Kunden gew\u00fcnschten Farbe impr\u00e4gniert werden. <\/p>\n<ul>\n<li>Abmessungen: 140 mm x 20 mm x 4 m<\/li>\n<li>Preis: 190 Lei \/ m\u00b2 + MwSt.<\/li>\n<\/ul>\n","protected":false},"excerpt":{"rendered":"<p>Wir produzieren und vertreiben Fichten-Holzvert\u00e4felungen, die sich ideal f\u00fcr Geb\u00e4ude unterschiedlicher Gr\u00f6\u00dfe eignen.<br \/>\nEgal, ob Sie sich f\u00fcr eine Vert\u00e4felung im Au\u00dfenbereich Ihres Hauses entscheiden oder sie f\u00fcr die Innengestaltung verwenden m\u00f6chten, dieses Modell ist die richtige Wahl f\u00fcr Ihre Bed\u00fcrfnisse. Es kann als dekoratives Element f\u00fcr W\u00e4nde verwendet werden, um verschiedene Bereiche abzugrenzen oder sogar um eine bestimmte Wand in Ihrem Haus zu betonen. Er ist w\u00e4rme- und schalld\u00e4mmend, schick und verleiht Ihrer Arbeit eine besondere Note.  <\/p>\n<p>Die Fichten-Holzvert\u00e4felung Typ U wird in ihrem nat\u00fcrlichen Zustand angeboten. Sie kann gegen einen Aufpreis mit Wachs in der vom Kunden gew\u00fcnschten Farbe impr\u00e4gniert werden. <\/p>\n<ul>\n<li>Abmessungen: 140 mm x 20 mm x 4 m<\/li>\n<li>Preis: 190 Lei \/ m\u00b2 + MwSt.<\/li>\n<\/ul>\n","protected":false},"featured_media":20226,"comment_status":"closed","ping_status":"closed","template":"","meta":{"_acf_changed":false},"product_brand":[],"product_cat":[1498,1531,1401,1515],"product_tag":[],"class_list":{"0":"post-20220","1":"product","2":"type-product","3":"status-publish","4":"has-post-thumbnail","6":"product_cat-aeussere-holzverkleidung","7":"product_cat-holzvertaefelung-aus-naturholz","8":"product_cat-holzvertafelung-im-ausenbereich","9":"product_cat-innenraum-holzlamellen","11":"first","12":"instock","13":"taxable","14":"shipping-taxable","15":"purchasable","16":"product-type-variable"},"acf":[],"_links":{"self":[{"href":"https:\/\/enipau.ro\/de\/wp-json\/wp\/v2\/product\/20220","targetHints":{"allow":["GET"]}}],"collection":[{"href":"https:\/\/enipau.ro\/de\/wp-json\/wp\/v2\/product"}],"about":[{"href":"https:\/\/enipau.ro\/de\/wp-json\/wp\/v2\/types\/product"}],"replies":[{"embeddable":true,"href":"https:\/\/enipau.ro\/de\/wp-json\/wp\/v2\/comments?post=20220"}],"wp:featuredmedia":[{"embeddable":true,"href":"https:\/\/enipau.ro\/de\/wp-json\/wp\/v2\/media\/20226"}],"wp:attachment":[{"href":"https:\/\/enipau.ro\/de\/wp-json\/wp\/v2\/media?parent=20220"}],"wp:term":[{"taxonomy":"product_brand","embeddable":true,"href":"https:\/\/enipau.ro\/de\/wp-json\/wp\/v2\/product_brand?post=20220"},{"taxonomy":"product_cat","embeddable":true,"href":"https:\/\/enipau.ro\/de\/wp-json\/wp\/v2\/product_cat?post=20220"},{"taxonomy":"product_tag","embeddable":true,"href":"https:\/\/enipau.ro\/de\/wp-json\/wp\/v2\/product_tag?post=20220"}],"curies":[{"name":"wp","href":"https:\/\/api.w.org\/{rel}","templated":true}]}}