{"id":20256,"date":"2021-03-23T16:24:37","date_gmt":"2021-03-23T16:24:37","guid":{"rendered":"https:\/\/enipau.ro\/produs\/unkategorisiert\/enipau-eckelement\/"},"modified":"2021-03-23T16:24:37","modified_gmt":"2021-03-23T16:24:37","slug":"enipau-eckelement","status":"publish","type":"product","link":"https:\/\/enipau.ro\/de\/produkt\/holzverbinder\/enipau-eckelement\/","title":{"rendered":"Enipau Eckelement"},"content":{"rendered":"<p>Enipau produziert Eckelemente, die f\u00fcr den Zusammenbau oder die Befestigung von Holz geeignet sind. Es wird beim Bau von H\u00e4usern, D\u00e4chern, Garagen, Pergolen, Lauben, Pavillons, Terrassen, Gel\u00e4ndern, Z\u00e4unen, Toren usw. verwendet. Es wird aus langlebigem, hochwertigem und umweltbest\u00e4ndigem Metall hergestellt.<\/p>\n","protected":false},"excerpt":{"rendered":"<p>Inklusive 6 Schrauben mit 8*50 Unterlegscheibe. Die g\u00e4ngigste Art, Holz zu befestigen, ist die Verwendung von Eck-, T-f\u00f6rmigen oder Fu\u00dfst\u00fctzen. Alle diese Holzbefestigungs- und -unterst\u00fctzungszubeh\u00f6rteile sind Enipaus eigene Produkte f\u00fcr eine einfache Montage, inspiriert von modernem Design.  <\/p>\n","protected":false},"featured_media":20241,"comment_status":"closed","ping_status":"closed","template":"","meta":{"_acf_changed":false},"product_brand":[],"product_cat":[1536],"product_tag":[],"class_list":{"0":"post-20256","1":"product","2":"type-product","3":"status-publish","4":"has-post-thumbnail","6":"product_cat-holzverbinder","8":"first","9":"instock","10":"taxable","11":"shipping-taxable","12":"purchasable","13":"product-type-variable"},"acf":[],"_links":{"self":[{"href":"https:\/\/enipau.ro\/de\/wp-json\/wp\/v2\/product\/20256","targetHints":{"allow":["GET"]}}],"collection":[{"href":"https:\/\/enipau.ro\/de\/wp-json\/wp\/v2\/product"}],"about":[{"href":"https:\/\/enipau.ro\/de\/wp-json\/wp\/v2\/types\/product"}],"replies":[{"embeddable":true,"href":"https:\/\/enipau.ro\/de\/wp-json\/wp\/v2\/comments?post=20256"}],"wp:featuredmedia":[{"embeddable":true,"href":"https:\/\/enipau.ro\/de\/wp-json\/wp\/v2\/media\/20241"}],"wp:attachment":[{"href":"https:\/\/enipau.ro\/de\/wp-json\/wp\/v2\/media?parent=20256"}],"wp:term":[{"taxonomy":"product_brand","embeddable":true,"href":"https:\/\/enipau.ro\/de\/wp-json\/wp\/v2\/product_brand?post=20256"},{"taxonomy":"product_cat","embeddable":true,"href":"https:\/\/enipau.ro\/de\/wp-json\/wp\/v2\/product_cat?post=20256"},{"taxonomy":"product_tag","embeddable":true,"href":"https:\/\/enipau.ro\/de\/wp-json\/wp\/v2\/product_tag?post=20256"}],"curies":[{"name":"wp","href":"https:\/\/api.w.org\/{rel}","templated":true}]}}