{"id":20360,"date":"2022-10-21T12:24:28","date_gmt":"2022-10-21T12:24:28","guid":{"rendered":"https:\/\/enipau.ro\/produs\/unkategorisiert\/kvh-keilgezinktes-holz\/"},"modified":"2025-03-21T11:18:02","modified_gmt":"2025-03-21T11:18:02","slug":"kvh-keilgezinktes-holz","status":"publish","type":"product","link":"https:\/\/enipau.ro\/de\/produkt\/massivholz\/kvh-keilgezinktes-holz\/","title":{"rendered":"KVH keilgezinktes Holz"},"content":{"rendered":"<ul>\n<li>Keilgezinktes Holz bis zu 13 m L\u00e4nge<\/li>\n<li>M\u00f6glichkeit der Farbimpr\u00e4gnierung auf Kundenwunsch<\/li>\n<li>M\u00f6glichkeit der personalisierten Abbuchung auf Anfrage (Service gegen Aufpreis)<\/li>\n<li>Resistenz-Zertifikat<\/li>\n<li>Preis von 482 to 513 euros \/ Kubikmeter ohne MwSt.<\/li>\n<\/ul>\n","protected":false},"excerpt":{"rendered":"<p>KVH Holzelemente sind aus Massivholz gefertigt. Sie werden aus keilgezinkten Holzst\u00fccken hergestellt, bei denen die gr\u00f6\u00dften Fehler entfernt wurden. Auf diese Weise werden Spannungen im Holz beseitigt und das Verhalten des Holzes wird erheblich verbessert.<\/p>\n<p>KVH-Holz hat eine hohe mechanische Festigkeit.<br \/>\nDurch die Beseitigung von Defekten im Holz und durch das Zuschneiden und Einpassen der Holzst\u00fccke in die Z\u00e4hne werden die Spannungen im Holz beseitigt und seine Neigung zum Verziehen praktisch minimiert.<\/p>\n<p>Neben seinen praktischen Vorteilen und der einfachen Montage erf\u00fcllt es auch eine \u00e4sthetische Funktion und ist ein beliebtes Material bei Architekten.<\/p>\n","protected":false},"featured_media":20361,"comment_status":"closed","ping_status":"closed","template":"","meta":{"_acf_changed":false},"product_brand":[],"product_cat":[1535,1513,1534,1470],"product_tag":[],"class_list":{"0":"post-20360","1":"product","2":"type-product","3":"status-publish","4":"has-post-thumbnail","6":"product_cat-balken-und-pfosten-aus-holz","7":"product_cat-terrassen-und-balkone-aus-holz","8":"product_cat-laminiertes-holz","9":"product_cat-massivholz","11":"first","12":"instock","13":"taxable","14":"shipping-taxable","15":"purchasable","16":"product-type-simple"},"acf":[],"_links":{"self":[{"href":"https:\/\/enipau.ro\/de\/wp-json\/wp\/v2\/product\/20360","targetHints":{"allow":["GET"]}}],"collection":[{"href":"https:\/\/enipau.ro\/de\/wp-json\/wp\/v2\/product"}],"about":[{"href":"https:\/\/enipau.ro\/de\/wp-json\/wp\/v2\/types\/product"}],"replies":[{"embeddable":true,"href":"https:\/\/enipau.ro\/de\/wp-json\/wp\/v2\/comments?post=20360"}],"wp:featuredmedia":[{"embeddable":true,"href":"https:\/\/enipau.ro\/de\/wp-json\/wp\/v2\/media\/20361"}],"wp:attachment":[{"href":"https:\/\/enipau.ro\/de\/wp-json\/wp\/v2\/media?parent=20360"}],"wp:term":[{"taxonomy":"product_brand","embeddable":true,"href":"https:\/\/enipau.ro\/de\/wp-json\/wp\/v2\/product_brand?post=20360"},{"taxonomy":"product_cat","embeddable":true,"href":"https:\/\/enipau.ro\/de\/wp-json\/wp\/v2\/product_cat?post=20360"},{"taxonomy":"product_tag","embeddable":true,"href":"https:\/\/enipau.ro\/de\/wp-json\/wp\/v2\/product_tag?post=20360"}],"curies":[{"name":"wp","href":"https:\/\/api.w.org\/{rel}","templated":true}]}}