{"id":20367,"date":"2023-07-11T11:10:09","date_gmt":"2023-07-11T11:10:09","guid":{"rendered":"https:\/\/enipau.ro\/produs\/unkategorisiert\/stejar-verriegelungsplatte\/"},"modified":"2023-07-11T11:10:09","modified_gmt":"2023-07-11T11:10:09","slug":"stejar-verriegelungsplatte","status":"publish","type":"product","link":"https:\/\/enipau.ro\/de\/produkt\/3-st-verleimte-holzplatte\/stejar-verriegelungsplatte\/","title":{"rendered":"STEJAR Verriegelungsplatte"},"content":{"rendered":"","protected":false},"excerpt":{"rendered":"<p>Jedes Paneel wird mit handwerklichem Geschick und Liebe zum Detail aus echtem Eichenholz gefertigt und bietet Ihnen eine beeindruckende Kombination aus Eleganz und Haltbarkeit f\u00fcr Ihre Projekte.<\/p>\n<p>Eichenholz ist f\u00fcr seine au\u00dfergew\u00f6hnlichen Eigenschaften bekannt und geh\u00f6rt zu den gefragtesten Materialien f\u00fcr die Innen- und Au\u00dfengestaltung. Paneele aus diesem edlen Holz verleihen jedem Raum einen Hauch von Raffinesse und Charakter, egal ob es sich um ein Haus, ein Restaurant oder einen Gesch\u00e4ftsraum handelt. <\/p>\n<ul>\n<li>Abmessungen: 1250 mm x 19 mm x 3m<\/li>\n<li>Preis: 1600 Lei + MwSt. (pro St\u00fcck)<\/li>\n<\/ul>\n","protected":false},"featured_media":20369,"comment_status":"closed","ping_status":"closed","template":"","meta":{"_acf_changed":false},"product_brand":[],"product_cat":[1542],"product_tag":[],"class_list":{"0":"post-20367","1":"product","2":"type-product","3":"status-publish","4":"has-post-thumbnail","6":"product_cat-3-st-verleimte-holzplatte","8":"first","9":"instock","10":"taxable","11":"shipping-taxable","12":"purchasable","13":"product-type-simple"},"acf":[],"_links":{"self":[{"href":"https:\/\/enipau.ro\/de\/wp-json\/wp\/v2\/product\/20367","targetHints":{"allow":["GET"]}}],"collection":[{"href":"https:\/\/enipau.ro\/de\/wp-json\/wp\/v2\/product"}],"about":[{"href":"https:\/\/enipau.ro\/de\/wp-json\/wp\/v2\/types\/product"}],"replies":[{"embeddable":true,"href":"https:\/\/enipau.ro\/de\/wp-json\/wp\/v2\/comments?post=20367"}],"wp:featuredmedia":[{"embeddable":true,"href":"https:\/\/enipau.ro\/de\/wp-json\/wp\/v2\/media\/20369"}],"wp:attachment":[{"href":"https:\/\/enipau.ro\/de\/wp-json\/wp\/v2\/media?parent=20367"}],"wp:term":[{"taxonomy":"product_brand","embeddable":true,"href":"https:\/\/enipau.ro\/de\/wp-json\/wp\/v2\/product_brand?post=20367"},{"taxonomy":"product_cat","embeddable":true,"href":"https:\/\/enipau.ro\/de\/wp-json\/wp\/v2\/product_cat?post=20367"},{"taxonomy":"product_tag","embeddable":true,"href":"https:\/\/enipau.ro\/de\/wp-json\/wp\/v2\/product_tag?post=20367"}],"curies":[{"name":"wp","href":"https:\/\/api.w.org\/{rel}","templated":true}]}}